{"id":118846,"date":"2025-11-13T08:44:23","date_gmt":"2025-11-13T07:44:23","guid":{"rendered":"https:\/\/www.ernstbrunn-apotheke.at\/katalog\/produkt\/centro-vision-lutein-15-mg-90-stk\/"},"modified":"2025-12-08T23:10:22","modified_gmt":"2025-12-08T22:10:22","slug":"centro-vision-lutein-15-mg-90-stk","status":"publish","type":"product","link":"https:\/\/www.ernstbrunn-apotheke.at\/katalog\/produkt\/centro-vision-lutein-15-mg-90-stk\/","title":{"rendered":"Centro Vision Lutein 15 mg 90 Stk."},"content":{"rendered":"<p>Centro Vision Lutein ist ein Nahrungserg\u00e4nzungsmittel, welches aus verschiedensten Vitaminen und Spurenelementen zusammengesetzt ist, die Sehkraft unterst\u00fctzt, sowie zum Schutz der Zellen vor oxidativem Stress beitr\u00e4gt. Das in den Kapseln enthaltene Riboflavin, Zink und die Docosahexaens\u00e4ure (DHA) &#8211; ein Bestandteil der Omega-3-Fetts\u00e4uren &#8211; tragen wesentlich zur Erhaltung der Sehkraft bei. Die Einnahme von Centro Vision Lutein 15mg &#8211; zusammen mit einer ausgewogenen Ern\u00e4hrung- hilft, diesen positiven Effekt zu erreichen &#8211; bestellen Sie jetzt!<\/p>\n","protected":false},"excerpt":{"rendered":"<p>Centro Vision Lutein ist ein Nahrungserg\u00e4nzungsmittel, welches aus verschiedensten Vitaminen und Spurenelementen zusammengesetzt ist, die Sehkraft unterst\u00fctzt, sowie zum Schutz der Zellen vor oxidativem Stress beitr\u00e4gt. Das in den Kapseln enthaltene Riboflavin, Zink und die Docosahexaens\u00e4ure (DHA) &#8211; ein Bestandteil der Omega-3-Fetts\u00e4uren &#8211; tragen wesentlich zur Erhaltung der Sehkraft bei. Die Einnahme von Centro Vision [&hellip;]<\/p>\n","protected":false},"featured_media":118848,"template":"","meta":{"_acf_changed":false},"product_brand":[],"product_cat":[812],"product_tag":[],"class_list":{"0":"post-118846","1":"product","2":"type-product","3":"status-publish","4":"has-post-thumbnail","6":"product_cat-c","7":"pa_packungsgroesse-90-stueck","9":"first","10":"instock","11":"shipping-taxable","12":"purchasable","13":"product-type-simple"},"acf":[],"_links":{"self":[{"href":"https:\/\/www.ernstbrunn-apotheke.at\/katalog\/wp-json\/wp\/v2\/product\/118846","targetHints":{"allow":["GET"]}}],"collection":[{"href":"https:\/\/www.ernstbrunn-apotheke.at\/katalog\/wp-json\/wp\/v2\/product"}],"about":[{"href":"https:\/\/www.ernstbrunn-apotheke.at\/katalog\/wp-json\/wp\/v2\/types\/product"}],"wp:featuredmedia":[{"embeddable":true,"href":"https:\/\/www.ernstbrunn-apotheke.at\/katalog\/wp-json\/wp\/v2\/media\/118848"}],"wp:attachment":[{"href":"https:\/\/www.ernstbrunn-apotheke.at\/katalog\/wp-json\/wp\/v2\/media?parent=118846"}],"wp:term":[{"taxonomy":"product_brand","embeddable":true,"href":"https:\/\/www.ernstbrunn-apotheke.at\/katalog\/wp-json\/wp\/v2\/product_brand?post=118846"},{"taxonomy":"product_cat","embeddable":true,"href":"https:\/\/www.ernstbrunn-apotheke.at\/katalog\/wp-json\/wp\/v2\/product_cat?post=118846"},{"taxonomy":"product_tag","embeddable":true,"href":"https:\/\/www.ernstbrunn-apotheke.at\/katalog\/wp-json\/wp\/v2\/product_tag?post=118846"}],"curies":[{"name":"wp","href":"https:\/\/api.w.org\/{rel}","templated":true}]}}