{"id":118836,"date":"2025-11-13T08:44:23","date_gmt":"2025-11-13T07:44:23","guid":{"rendered":"https:\/\/www.ernstbrunn-apotheke.at\/katalog\/produkt\/celyoung-anti-aging-intense-maske-30-ml\/"},"modified":"2025-12-08T23:10:18","modified_gmt":"2025-12-08T22:10:18","slug":"celyoung-anti-aging-intense-maske-30-ml","status":"publish","type":"product","link":"https:\/\/www.ernstbrunn-apotheke.at\/katalog\/produkt\/celyoung-anti-aging-intense-maske-30-ml\/","title":{"rendered":"Celyoung Anti Aging Intense Maske 30 ml"},"content":{"rendered":"<p>Celyoung Anti Aging Intense Maske zaubert in nur 10 Minuten einen strahlenden Teint. Mit zart schimmerndem Teint, samtweicher Haut und aufgepolsterten F\u00e4ltchen k\u00f6nnen sie den Rest des Tages in vollen Z\u00fcgen genie\u00dfen. Das Geheimnis dieses Turbo-Sch\u00f6nmachers sind Extrakte aus den Tropen, die es in dieser Zusammensetzung noch nie gegeben hat. Gl\u00e4ttet Falten und sorgt f\u00fcr jugendlich frische Gesichtsz\u00fcge.<\/p>\n","protected":false},"excerpt":{"rendered":"<p>Celyoung Anti Aging Intense Maske zaubert in nur 10 Minuten einen strahlenden Teint. Mit zart schimmerndem Teint, samtweicher Haut und aufgepolsterten F\u00e4ltchen k\u00f6nnen sie den Rest des Tages in vollen Z\u00fcgen genie\u00dfen. Das Geheimnis dieses Turbo-Sch\u00f6nmachers sind Extrakte aus den Tropen, die es in dieser Zusammensetzung noch nie gegeben hat. Gl\u00e4ttet Falten und sorgt f\u00fcr [&hellip;]<\/p>\n","protected":false},"featured_media":118838,"template":"","meta":{"_acf_changed":false},"product_brand":[],"product_cat":[812],"product_tag":[],"class_list":{"0":"post-118836","1":"product","2":"type-product","3":"status-publish","4":"has-post-thumbnail","6":"product_cat-c","7":"pa_packungsgroesse-30ml","9":"first","10":"instock","11":"shipping-taxable","12":"purchasable","13":"product-type-simple"},"acf":[],"_links":{"self":[{"href":"https:\/\/www.ernstbrunn-apotheke.at\/katalog\/wp-json\/wp\/v2\/product\/118836","targetHints":{"allow":["GET"]}}],"collection":[{"href":"https:\/\/www.ernstbrunn-apotheke.at\/katalog\/wp-json\/wp\/v2\/product"}],"about":[{"href":"https:\/\/www.ernstbrunn-apotheke.at\/katalog\/wp-json\/wp\/v2\/types\/product"}],"wp:featuredmedia":[{"embeddable":true,"href":"https:\/\/www.ernstbrunn-apotheke.at\/katalog\/wp-json\/wp\/v2\/media\/118838"}],"wp:attachment":[{"href":"https:\/\/www.ernstbrunn-apotheke.at\/katalog\/wp-json\/wp\/v2\/media?parent=118836"}],"wp:term":[{"taxonomy":"product_brand","embeddable":true,"href":"https:\/\/www.ernstbrunn-apotheke.at\/katalog\/wp-json\/wp\/v2\/product_brand?post=118836"},{"taxonomy":"product_cat","embeddable":true,"href":"https:\/\/www.ernstbrunn-apotheke.at\/katalog\/wp-json\/wp\/v2\/product_cat?post=118836"},{"taxonomy":"product_tag","embeddable":true,"href":"https:\/\/www.ernstbrunn-apotheke.at\/katalog\/wp-json\/wp\/v2\/product_tag?post=118836"}],"curies":[{"name":"wp","href":"https:\/\/api.w.org\/{rel}","templated":true}]}}