{"id":118823,"date":"2025-11-13T08:43:45","date_gmt":"2025-11-13T07:43:45","guid":{"rendered":"https:\/\/www.ernstbrunn-apotheke.at\/katalog\/produkt\/celitin-lecithin-und-gingko-biloba-kapseln-90-stk\/"},"modified":"2025-12-08T23:10:15","modified_gmt":"2025-12-08T22:10:15","slug":"celitin-lecithin-und-gingko-biloba-kapseln-90-stk","status":"publish","type":"product","link":"https:\/\/www.ernstbrunn-apotheke.at\/katalog\/produkt\/celitin-lecithin-und-gingko-biloba-kapseln-90-stk\/","title":{"rendered":"Celitin Lecithin und Gingko Biloba Kapseln 90 Stk."},"content":{"rendered":"<p>Celitin Lecithin und Gingko Biloba Kapseln sind a llgemein daf\u00fcr bekannt, dass sie die Leistungsf\u00e4higkeit des Ged\u00e4chtnisses f\u00f6rdern. Lecithin befindet sich in allen Zellen des menschlichen K\u00f6rpers, die an lebenswichtigen Vorg\u00e4ngen beteiligt sind. Ginkgo unterst\u00fctzt den antioxidativen Zellschutz insbesondere durch seine Flavonglycoside. Das kommt auch dem Gehirn zugute und kann die mentale Leistungsf\u00e4higkeit f\u00f6rdern.<\/p>\n","protected":false},"excerpt":{"rendered":"<p>Celitin Lecithin und Gingko Biloba Kapseln sind a llgemein daf\u00fcr bekannt, dass sie die Leistungsf\u00e4higkeit des Ged\u00e4chtnisses f\u00f6rdern. Lecithin befindet sich in allen Zellen des menschlichen K\u00f6rpers, die an lebenswichtigen Vorg\u00e4ngen beteiligt sind. Ginkgo unterst\u00fctzt den antioxidativen Zellschutz insbesondere durch seine Flavonglycoside. Das kommt auch dem Gehirn zugute und kann die mentale Leistungsf\u00e4higkeit f\u00f6rdern.<\/p>\n","protected":false},"featured_media":118825,"template":"","meta":{"_acf_changed":false},"product_brand":[],"product_cat":[812],"product_tag":[],"class_list":{"0":"post-118823","1":"product","2":"type-product","3":"status-publish","4":"has-post-thumbnail","6":"product_cat-c","7":"pa_packungsgroesse-90-stueck","9":"first","10":"instock","11":"shipping-taxable","12":"purchasable","13":"product-type-simple"},"acf":[],"_links":{"self":[{"href":"https:\/\/www.ernstbrunn-apotheke.at\/katalog\/wp-json\/wp\/v2\/product\/118823","targetHints":{"allow":["GET"]}}],"collection":[{"href":"https:\/\/www.ernstbrunn-apotheke.at\/katalog\/wp-json\/wp\/v2\/product"}],"about":[{"href":"https:\/\/www.ernstbrunn-apotheke.at\/katalog\/wp-json\/wp\/v2\/types\/product"}],"wp:featuredmedia":[{"embeddable":true,"href":"https:\/\/www.ernstbrunn-apotheke.at\/katalog\/wp-json\/wp\/v2\/media\/118825"}],"wp:attachment":[{"href":"https:\/\/www.ernstbrunn-apotheke.at\/katalog\/wp-json\/wp\/v2\/media?parent=118823"}],"wp:term":[{"taxonomy":"product_brand","embeddable":true,"href":"https:\/\/www.ernstbrunn-apotheke.at\/katalog\/wp-json\/wp\/v2\/product_brand?post=118823"},{"taxonomy":"product_cat","embeddable":true,"href":"https:\/\/www.ernstbrunn-apotheke.at\/katalog\/wp-json\/wp\/v2\/product_cat?post=118823"},{"taxonomy":"product_tag","embeddable":true,"href":"https:\/\/www.ernstbrunn-apotheke.at\/katalog\/wp-json\/wp\/v2\/product_tag?post=118823"}],"curies":[{"name":"wp","href":"https:\/\/api.w.org\/{rel}","templated":true}]}}