{"id":118770,"date":"2025-11-13T08:42:24","date_gmt":"2025-11-13T07:42:24","guid":{"rendered":"https:\/\/www.ernstbrunn-apotheke.at\/katalog\/produkt\/gall-pharma-camu-camu-500-mg-kapseln-180-stk\/"},"modified":"2025-12-08T23:09:57","modified_gmt":"2025-12-08T22:09:57","slug":"gall-pharma-camu-camu-500-mg-kapseln-180-stk","status":"publish","type":"product","link":"https:\/\/www.ernstbrunn-apotheke.at\/katalog\/produkt\/gall-pharma-camu-camu-500-mg-kapseln-180-stk\/","title":{"rendered":"Gall Pharma Camu Camu 500 mg Kapseln 180 Stk."},"content":{"rendered":"<p>Gall Pharma Camu Camu 500 mg Kapseln enthalten 500 mg Camu Camu-Fruchtextrakt in einer Hartgelatinekapsel. Camu Camu ist ein niedriger Strauch, der im Regenwald des Amazonasgebietes in S\u00fcdamerika beheimatet ist. Genutzt werden die runden, r\u00f6tlichen Fr\u00fcchte mit ihrem gelben Fruchtfleisch. Traditionell wird daraus ein Saft zubereitet. Die Fr\u00fcchte haben einen gro\u00dfen Gehalt an Vitamin C. Dieses Produkt ist in den Packungsgr\u00f6\u00dfen 60, 120 und 180 St\u00fcck erh\u00e4ltlich.<\/p>\n","protected":false},"excerpt":{"rendered":"<p>Gall Pharma Camu Camu 500 mg Kapseln enthalten 500 mg Camu Camu-Fruchtextrakt in einer Hartgelatinekapsel. Camu Camu ist ein niedriger Strauch, der im Regenwald des Amazonasgebietes in S\u00fcdamerika beheimatet ist. Genutzt werden die runden, r\u00f6tlichen Fr\u00fcchte mit ihrem gelben Fruchtfleisch. Traditionell wird daraus ein Saft zubereitet. Die Fr\u00fcchte haben einen gro\u00dfen Gehalt an Vitamin C. [&hellip;]<\/p>\n","protected":false},"featured_media":118772,"template":"","meta":{"_acf_changed":false},"product_brand":[],"product_cat":[810],"product_tag":[],"class_list":{"0":"post-118770","1":"product","2":"type-product","3":"status-publish","4":"has-post-thumbnail","6":"product_cat-g","7":"pa_packungsgroesse-180-stueck","9":"first","10":"instock","11":"shipping-taxable","12":"purchasable","13":"product-type-simple"},"acf":[],"_links":{"self":[{"href":"https:\/\/www.ernstbrunn-apotheke.at\/katalog\/wp-json\/wp\/v2\/product\/118770","targetHints":{"allow":["GET"]}}],"collection":[{"href":"https:\/\/www.ernstbrunn-apotheke.at\/katalog\/wp-json\/wp\/v2\/product"}],"about":[{"href":"https:\/\/www.ernstbrunn-apotheke.at\/katalog\/wp-json\/wp\/v2\/types\/product"}],"wp:featuredmedia":[{"embeddable":true,"href":"https:\/\/www.ernstbrunn-apotheke.at\/katalog\/wp-json\/wp\/v2\/media\/118772"}],"wp:attachment":[{"href":"https:\/\/www.ernstbrunn-apotheke.at\/katalog\/wp-json\/wp\/v2\/media?parent=118770"}],"wp:term":[{"taxonomy":"product_brand","embeddable":true,"href":"https:\/\/www.ernstbrunn-apotheke.at\/katalog\/wp-json\/wp\/v2\/product_brand?post=118770"},{"taxonomy":"product_cat","embeddable":true,"href":"https:\/\/www.ernstbrunn-apotheke.at\/katalog\/wp-json\/wp\/v2\/product_cat?post=118770"},{"taxonomy":"product_tag","embeddable":true,"href":"https:\/\/www.ernstbrunn-apotheke.at\/katalog\/wp-json\/wp\/v2\/product_tag?post=118770"}],"curies":[{"name":"wp","href":"https:\/\/api.w.org\/{rel}","templated":true}]}}