{"id":118675,"date":"2025-11-13T08:40:00","date_gmt":"2025-11-13T07:40:00","guid":{"rendered":"https:\/\/www.ernstbrunn-apotheke.at\/katalog\/produkt\/burgit-anti-huehneraugen-stift-4-ml\/"},"modified":"2025-12-08T23:09:29","modified_gmt":"2025-12-08T22:09:29","slug":"burgit-anti-huehneraugen-stift-4-ml","status":"publish","type":"product","link":"https:\/\/www.ernstbrunn-apotheke.at\/katalog\/produkt\/burgit-anti-huehneraugen-stift-4-ml\/","title":{"rendered":"Burgit Anti H\u00fchneraugen Stift 4 ml"},"content":{"rendered":"<p>Der Burgit Anti H\u00fchneraugen Stift zeigt dank dem Stoff TCA-ActiveTM schnelle und effektive Behandlung (nach nur 4 Tage). Kein Abschaben n\u00f6tig.<\/p>\n","protected":false},"excerpt":{"rendered":"<p>Der Burgit Anti H\u00fchneraugen Stift zeigt dank dem Stoff TCA-ActiveTM schnelle und effektive Behandlung (nach nur 4 Tage). Kein Abschaben n\u00f6tig.<\/p>\n","protected":false},"featured_media":118677,"template":"","meta":{"_acf_changed":false},"product_brand":[],"product_cat":[802],"product_tag":[],"class_list":{"0":"post-118675","1":"product","2":"type-product","3":"status-publish","4":"has-post-thumbnail","6":"product_cat-b","7":"pa_packungsgroesse-4ml","9":"first","10":"instock","11":"shipping-taxable","12":"purchasable","13":"product-type-simple"},"acf":[],"_links":{"self":[{"href":"https:\/\/www.ernstbrunn-apotheke.at\/katalog\/wp-json\/wp\/v2\/product\/118675","targetHints":{"allow":["GET"]}}],"collection":[{"href":"https:\/\/www.ernstbrunn-apotheke.at\/katalog\/wp-json\/wp\/v2\/product"}],"about":[{"href":"https:\/\/www.ernstbrunn-apotheke.at\/katalog\/wp-json\/wp\/v2\/types\/product"}],"wp:featuredmedia":[{"embeddable":true,"href":"https:\/\/www.ernstbrunn-apotheke.at\/katalog\/wp-json\/wp\/v2\/media\/118677"}],"wp:attachment":[{"href":"https:\/\/www.ernstbrunn-apotheke.at\/katalog\/wp-json\/wp\/v2\/media?parent=118675"}],"wp:term":[{"taxonomy":"product_brand","embeddable":true,"href":"https:\/\/www.ernstbrunn-apotheke.at\/katalog\/wp-json\/wp\/v2\/product_brand?post=118675"},{"taxonomy":"product_cat","embeddable":true,"href":"https:\/\/www.ernstbrunn-apotheke.at\/katalog\/wp-json\/wp\/v2\/product_cat?post=118675"},{"taxonomy":"product_tag","embeddable":true,"href":"https:\/\/www.ernstbrunn-apotheke.at\/katalog\/wp-json\/wp\/v2\/product_tag?post=118675"}],"curies":[{"name":"wp","href":"https:\/\/api.w.org\/{rel}","templated":true}]}}