{"id":118646,"date":"2025-11-13T08:39:07","date_gmt":"2025-11-13T07:39:07","guid":{"rendered":"https:\/\/www.ernstbrunn-apotheke.at\/katalog\/produkt\/weleda-bryophyllum-d-3-rh-dilutum-20-ml\/"},"modified":"2025-12-08T23:09:22","modified_gmt":"2025-12-08T22:09:22","slug":"weleda-bryophyllum-d-3-rh-dilutum-20-ml","status":"publish","type":"product","link":"https:\/\/www.ernstbrunn-apotheke.at\/katalog\/produkt\/weleda-bryophyllum-d-3-rh-dilutum-20-ml\/","title":{"rendered":"Weleda Bryophyllum D 3 RH Dilutum 20 ml"},"content":{"rendered":"<p>Weleda Bryophyllum wird bei Anf\u00e4lligkeit f\u00fcr besondere Formen von funktionellen St\u00f6rungen und wiederholt auftretenden Entz\u00fcndungen im Bereich des Stoffwechselsystems eingesetzt. Dar\u00fcber hinaus eignet sich das Mittel auch bei Unruhe und seelischen Ausnahmezust\u00e4nde und dadurch bedingte Schlafst\u00f6rungen.<\/p>\n","protected":false},"excerpt":{"rendered":"<p>Weleda Bryophyllum wird bei Anf\u00e4lligkeit f\u00fcr besondere Formen von funktionellen St\u00f6rungen und wiederholt auftretenden Entz\u00fcndungen im Bereich des Stoffwechselsystems eingesetzt. Dar\u00fcber hinaus eignet sich das Mittel auch bei Unruhe und seelischen Ausnahmezust\u00e4nde und dadurch bedingte Schlafst\u00f6rungen.<\/p>\n","protected":false},"featured_media":118648,"template":"","meta":{"_acf_changed":false},"product_brand":[567],"product_cat":[796],"product_tag":[],"class_list":{"0":"post-118646","1":"product","2":"type-product","3":"status-publish","4":"has-post-thumbnail","6":"product_brand-weleda","7":"product_cat-w","8":"pa_packungsgroesse-20ml","10":"first","11":"instock","12":"shipping-taxable","13":"purchasable","14":"product-type-simple"},"acf":[],"_links":{"self":[{"href":"https:\/\/www.ernstbrunn-apotheke.at\/katalog\/wp-json\/wp\/v2\/product\/118646","targetHints":{"allow":["GET"]}}],"collection":[{"href":"https:\/\/www.ernstbrunn-apotheke.at\/katalog\/wp-json\/wp\/v2\/product"}],"about":[{"href":"https:\/\/www.ernstbrunn-apotheke.at\/katalog\/wp-json\/wp\/v2\/types\/product"}],"wp:featuredmedia":[{"embeddable":true,"href":"https:\/\/www.ernstbrunn-apotheke.at\/katalog\/wp-json\/wp\/v2\/media\/118648"}],"wp:attachment":[{"href":"https:\/\/www.ernstbrunn-apotheke.at\/katalog\/wp-json\/wp\/v2\/media?parent=118646"}],"wp:term":[{"taxonomy":"product_brand","embeddable":true,"href":"https:\/\/www.ernstbrunn-apotheke.at\/katalog\/wp-json\/wp\/v2\/product_brand?post=118646"},{"taxonomy":"product_cat","embeddable":true,"href":"https:\/\/www.ernstbrunn-apotheke.at\/katalog\/wp-json\/wp\/v2\/product_cat?post=118646"},{"taxonomy":"product_tag","embeddable":true,"href":"https:\/\/www.ernstbrunn-apotheke.at\/katalog\/wp-json\/wp\/v2\/product_tag?post=118646"}],"curies":[{"name":"wp","href":"https:\/\/api.w.org\/{rel}","templated":true}]}}