{"id":118632,"date":"2025-11-13T08:39:07","date_gmt":"2025-11-13T07:39:07","guid":{"rendered":"https:\/\/www.ernstbrunn-apotheke.at\/katalog\/produkt\/bronchoverde-brausetabletten-50-mg-20-stk\/"},"modified":"2025-12-08T23:09:19","modified_gmt":"2025-12-08T22:09:19","slug":"bronchoverde-brausetabletten-50-mg-20-stk","status":"publish","type":"product","link":"https:\/\/www.ernstbrunn-apotheke.at\/katalog\/produkt\/bronchoverde-brausetabletten-50-mg-20-stk\/","title":{"rendered":"Bronchoverde Brausetabletten 50 mg 20 Stk."},"content":{"rendered":"<p>Bronchoverde Hustenl\u00f6ser 50 mg Brausetabletten ist ein pflanzliches Arzneimittel zur Schleiml\u00f6sung bei Husten mit Auswurf f\u00fcr Erwachsene, Jugendliche und Kinder ab 6 Jahren. Dieses Produkt erhalten Sie in den Packungsgr\u00f6\u00dfen 10 und 20 St\u00fcck.<\/p>\n","protected":false},"excerpt":{"rendered":"<p>Bronchoverde Hustenl\u00f6ser 50 mg Brausetabletten ist ein pflanzliches Arzneimittel zur Schleiml\u00f6sung bei Husten mit Auswurf f\u00fcr Erwachsene, Jugendliche und Kinder ab 6 Jahren. Dieses Produkt erhalten Sie in den Packungsgr\u00f6\u00dfen 10 und 20 St\u00fcck.<\/p>\n","protected":false},"featured_media":118634,"template":"","meta":{"_acf_changed":false},"product_brand":[],"product_cat":[802],"product_tag":[],"class_list":{"0":"post-118632","1":"product","2":"type-product","3":"status-publish","4":"has-post-thumbnail","6":"product_cat-b","7":"pa_packungsgroesse-20-stueck","9":"first","10":"instock","11":"shipping-taxable","12":"purchasable","13":"product-type-simple"},"acf":[],"_links":{"self":[{"href":"https:\/\/www.ernstbrunn-apotheke.at\/katalog\/wp-json\/wp\/v2\/product\/118632","targetHints":{"allow":["GET"]}}],"collection":[{"href":"https:\/\/www.ernstbrunn-apotheke.at\/katalog\/wp-json\/wp\/v2\/product"}],"about":[{"href":"https:\/\/www.ernstbrunn-apotheke.at\/katalog\/wp-json\/wp\/v2\/types\/product"}],"wp:featuredmedia":[{"embeddable":true,"href":"https:\/\/www.ernstbrunn-apotheke.at\/katalog\/wp-json\/wp\/v2\/media\/118634"}],"wp:attachment":[{"href":"https:\/\/www.ernstbrunn-apotheke.at\/katalog\/wp-json\/wp\/v2\/media?parent=118632"}],"wp:term":[{"taxonomy":"product_brand","embeddable":true,"href":"https:\/\/www.ernstbrunn-apotheke.at\/katalog\/wp-json\/wp\/v2\/product_brand?post=118632"},{"taxonomy":"product_cat","embeddable":true,"href":"https:\/\/www.ernstbrunn-apotheke.at\/katalog\/wp-json\/wp\/v2\/product_cat?post=118632"},{"taxonomy":"product_tag","embeddable":true,"href":"https:\/\/www.ernstbrunn-apotheke.at\/katalog\/wp-json\/wp\/v2\/product_tag?post=118632"}],"curies":[{"name":"wp","href":"https:\/\/api.w.org\/{rel}","templated":true}]}}