{"id":118622,"date":"2025-11-13T08:38:15","date_gmt":"2025-11-13T07:38:15","guid":{"rendered":"https:\/\/www.ernstbrunn-apotheke.at\/katalog\/produkt\/broncho-baer-hustensaft-200-ml\/"},"modified":"2025-12-08T23:09:18","modified_gmt":"2025-12-08T22:09:18","slug":"broncho-baer-hustensaft-200-ml","status":"publish","type":"product","link":"https:\/\/www.ernstbrunn-apotheke.at\/katalog\/produkt\/broncho-baer-hustensaft-200-ml\/","title":{"rendered":"Broncho B\u00e4r Hustensaft 200 ml"},"content":{"rendered":"<p>Broncho B\u00e4r enth\u00e4lt eine spezielle Zusammensetzung aus rein pflanzlichen Inhaltsstoffen wie Isl\u00e4ndisch Moos, Breitwegerich, \u00e4therisches \u00d6l aus Kiefernadeln, Malve und Propolis. Diese bilden einen Schutzfilm mit \u201eBarriere-Effekt\u201c und haben eine Dreifachwirkung: 1. vermindert den Hustenreiz durch Anhaftung der rein pflanzlichen Inhaltsstoffe an den Schleimh\u00e4uten der oberen Atemwege und verhindert somit den Kontakt mit \u00e4u\u00dferen Reizstoffen.2. hilft die Funktion der oberen Atemwege wiederherzustellen 3. unterst\u00fctzt den Abtransport des Schleims und lindert so das Reizgef\u00fchl-<\/p>\n","protected":false},"excerpt":{"rendered":"<p>Broncho B\u00e4r enth\u00e4lt eine spezielle Zusammensetzung aus rein pflanzlichen Inhaltsstoffen wie Isl\u00e4ndisch Moos, Breitwegerich, \u00e4therisches \u00d6l aus Kiefernadeln, Malve und Propolis. Diese bilden einen Schutzfilm mit \u201eBarriere-Effekt\u201c und haben eine Dreifachwirkung: 1. vermindert den Hustenreiz durch Anhaftung der rein pflanzlichen Inhaltsstoffe an den Schleimh\u00e4uten der oberen Atemwege und verhindert somit den Kontakt mit \u00e4u\u00dferen Reizstoffen.2. [&hellip;]<\/p>\n","protected":false},"featured_media":118624,"template":"","meta":{"_acf_changed":false},"product_brand":[],"product_cat":[802],"product_tag":[],"class_list":{"0":"post-118622","1":"product","2":"type-product","3":"status-publish","4":"has-post-thumbnail","6":"product_cat-b","7":"pa_packungsgroesse-200ml","9":"first","10":"instock","11":"shipping-taxable","12":"purchasable","13":"product-type-simple"},"acf":[],"_links":{"self":[{"href":"https:\/\/www.ernstbrunn-apotheke.at\/katalog\/wp-json\/wp\/v2\/product\/118622","targetHints":{"allow":["GET"]}}],"collection":[{"href":"https:\/\/www.ernstbrunn-apotheke.at\/katalog\/wp-json\/wp\/v2\/product"}],"about":[{"href":"https:\/\/www.ernstbrunn-apotheke.at\/katalog\/wp-json\/wp\/v2\/types\/product"}],"wp:featuredmedia":[{"embeddable":true,"href":"https:\/\/www.ernstbrunn-apotheke.at\/katalog\/wp-json\/wp\/v2\/media\/118624"}],"wp:attachment":[{"href":"https:\/\/www.ernstbrunn-apotheke.at\/katalog\/wp-json\/wp\/v2\/media?parent=118622"}],"wp:term":[{"taxonomy":"product_brand","embeddable":true,"href":"https:\/\/www.ernstbrunn-apotheke.at\/katalog\/wp-json\/wp\/v2\/product_brand?post=118622"},{"taxonomy":"product_cat","embeddable":true,"href":"https:\/\/www.ernstbrunn-apotheke.at\/katalog\/wp-json\/wp\/v2\/product_cat?post=118622"},{"taxonomy":"product_tag","embeddable":true,"href":"https:\/\/www.ernstbrunn-apotheke.at\/katalog\/wp-json\/wp\/v2\/product_tag?post=118622"}],"curies":[{"name":"wp","href":"https:\/\/api.w.org\/{rel}","templated":true}]}}