{"id":118583,"date":"2025-11-13T08:37:16","date_gmt":"2025-11-13T07:37:16","guid":{"rendered":"https:\/\/www.ernstbrunn-apotheke.at\/katalog\/produkt\/bausch-lomb-boston-aufbewahrungsloesung\/"},"modified":"2025-12-08T23:09:09","modified_gmt":"2025-12-08T22:09:09","slug":"bausch-lomb-boston-aufbewahrungsloesung","status":"publish","type":"product","link":"https:\/\/www.ernstbrunn-apotheke.at\/katalog\/produkt\/bausch-lomb-boston-aufbewahrungsloesung\/","title":{"rendered":"Bausch &#038; Lomb Boston Aufbewahrungsl\u00f6sung"},"content":{"rendered":"<p>Bausch &#038; Lomb Boston Aufbewahrungsl\u00f6sung ist eine speziell f\u00fcr sauerstoffdurchl\u00e4ssige und formstabile Kontaktlinsen entwickelte L\u00f6sung. Sie ist komfortabel und effizient durch ausgezeichnete Desinfektionswirkung. Durch Bildung einer Schutzschicht auf der Linsenoberfl\u00e4che findet eine wirksame Reduktion von Lipid- und Proteinablagerungen statt. Hoher Tragekomfort durch optimale Benetzungseigenschaften.<\/p>\n","protected":false},"excerpt":{"rendered":"<p>Bausch &#038; Lomb Boston Aufbewahrungsl\u00f6sung ist eine speziell f\u00fcr sauerstoffdurchl\u00e4ssige und formstabile Kontaktlinsen entwickelte L\u00f6sung. Sie ist komfortabel und effizient durch ausgezeichnete Desinfektionswirkung. Durch Bildung einer Schutzschicht auf der Linsenoberfl\u00e4che findet eine wirksame Reduktion von Lipid- und Proteinablagerungen statt. Hoher Tragekomfort durch optimale Benetzungseigenschaften.<\/p>\n","protected":false},"featured_media":118585,"template":"","meta":{"_acf_changed":false},"product_brand":[],"product_cat":[802],"product_tag":[],"class_list":{"0":"post-118583","1":"product","2":"type-product","3":"status-publish","4":"has-post-thumbnail","6":"product_cat-b","7":"pa_packungsgroesse-120ml","9":"first","10":"instock","11":"shipping-taxable","12":"purchasable","13":"product-type-simple"},"acf":[],"_links":{"self":[{"href":"https:\/\/www.ernstbrunn-apotheke.at\/katalog\/wp-json\/wp\/v2\/product\/118583","targetHints":{"allow":["GET"]}}],"collection":[{"href":"https:\/\/www.ernstbrunn-apotheke.at\/katalog\/wp-json\/wp\/v2\/product"}],"about":[{"href":"https:\/\/www.ernstbrunn-apotheke.at\/katalog\/wp-json\/wp\/v2\/types\/product"}],"wp:featuredmedia":[{"embeddable":true,"href":"https:\/\/www.ernstbrunn-apotheke.at\/katalog\/wp-json\/wp\/v2\/media\/118585"}],"wp:attachment":[{"href":"https:\/\/www.ernstbrunn-apotheke.at\/katalog\/wp-json\/wp\/v2\/media?parent=118583"}],"wp:term":[{"taxonomy":"product_brand","embeddable":true,"href":"https:\/\/www.ernstbrunn-apotheke.at\/katalog\/wp-json\/wp\/v2\/product_brand?post=118583"},{"taxonomy":"product_cat","embeddable":true,"href":"https:\/\/www.ernstbrunn-apotheke.at\/katalog\/wp-json\/wp\/v2\/product_cat?post=118583"},{"taxonomy":"product_tag","embeddable":true,"href":"https:\/\/www.ernstbrunn-apotheke.at\/katalog\/wp-json\/wp\/v2\/product_tag?post=118583"}],"curies":[{"name":"wp","href":"https:\/\/api.w.org\/{rel}","templated":true}]}}