{"id":118523,"date":"2025-11-13T08:35:38","date_gmt":"2025-11-13T07:35:38","guid":{"rendered":"https:\/\/www.ernstbrunn-apotheke.at\/katalog\/produkt\/bloxaphte-oral-care-mundspray-20-ml\/"},"modified":"2025-12-08T23:08:55","modified_gmt":"2025-12-08T22:08:55","slug":"bloxaphte-oral-care-mundspray-20-ml","status":"publish","type":"product","link":"https:\/\/www.ernstbrunn-apotheke.at\/katalog\/produkt\/bloxaphte-oral-care-mundspray-20-ml\/","title":{"rendered":"BloXaphte Oral Care Mundspray 20 ml"},"content":{"rendered":"<p>Das BloXaphte\u00ae Oral Care Spray f\u00fcr Erwachsene eignet sich zur gezielten Behandlung von Aphthen und bei entz\u00fcndlichen Verletzungen der Mundschleimhaut und bei Mundl\u00e4sionen. Durch die Bildung eines Schutzfilms wird der Schmerz schnell gelindert und die Heilung der Aphthen gef\u00f6rdert. Das Mundspray mit Minzaroma ist zuckerfrei und sanft zur Mundflora.<\/p>\n","protected":false},"excerpt":{"rendered":"<p>Das BloXaphte\u00ae Oral Care Spray f\u00fcr Erwachsene eignet sich zur gezielten Behandlung von Aphthen und bei entz\u00fcndlichen Verletzungen der Mundschleimhaut und bei Mundl\u00e4sionen. Durch die Bildung eines Schutzfilms wird der Schmerz schnell gelindert und die Heilung der Aphthen gef\u00f6rdert. Das Mundspray mit Minzaroma ist zuckerfrei und sanft zur Mundflora.<\/p>\n","protected":false},"featured_media":118525,"template":"","meta":{"_acf_changed":false},"product_brand":[],"product_cat":[802],"product_tag":[],"class_list":{"0":"post-118523","1":"product","2":"type-product","3":"status-publish","4":"has-post-thumbnail","6":"product_cat-b","7":"pa_packungsgroesse-20ml","9":"first","10":"instock","11":"shipping-taxable","12":"purchasable","13":"product-type-simple"},"acf":[],"_links":{"self":[{"href":"https:\/\/www.ernstbrunn-apotheke.at\/katalog\/wp-json\/wp\/v2\/product\/118523","targetHints":{"allow":["GET"]}}],"collection":[{"href":"https:\/\/www.ernstbrunn-apotheke.at\/katalog\/wp-json\/wp\/v2\/product"}],"about":[{"href":"https:\/\/www.ernstbrunn-apotheke.at\/katalog\/wp-json\/wp\/v2\/types\/product"}],"wp:featuredmedia":[{"embeddable":true,"href":"https:\/\/www.ernstbrunn-apotheke.at\/katalog\/wp-json\/wp\/v2\/media\/118525"}],"wp:attachment":[{"href":"https:\/\/www.ernstbrunn-apotheke.at\/katalog\/wp-json\/wp\/v2\/media?parent=118523"}],"wp:term":[{"taxonomy":"product_brand","embeddable":true,"href":"https:\/\/www.ernstbrunn-apotheke.at\/katalog\/wp-json\/wp\/v2\/product_brand?post=118523"},{"taxonomy":"product_cat","embeddable":true,"href":"https:\/\/www.ernstbrunn-apotheke.at\/katalog\/wp-json\/wp\/v2\/product_cat?post=118523"},{"taxonomy":"product_tag","embeddable":true,"href":"https:\/\/www.ernstbrunn-apotheke.at\/katalog\/wp-json\/wp\/v2\/product_tag?post=118523"}],"curies":[{"name":"wp","href":"https:\/\/api.w.org\/{rel}","templated":true}]}}