{"id":118499,"date":"2025-11-13T08:34:42","date_gmt":"2025-11-13T07:34:42","guid":{"rendered":"https:\/\/www.ernstbrunn-apotheke.at\/katalog\/produkt\/black-is-white-12-stk-kaugummi\/"},"modified":"2025-12-08T23:08:47","modified_gmt":"2025-12-08T22:08:47","slug":"black-is-white-12-stk-kaugummi","status":"publish","type":"product","link":"https:\/\/www.ernstbrunn-apotheke.at\/katalog\/produkt\/black-is-white-12-stk-kaugummi\/","title":{"rendered":"Black is White 12 Stk. Kaugummi"},"content":{"rendered":"<p>Black is White Kaugummi macht die Z\u00e4hne dank Aktivkohle wei\u00df. Weitere wertvolle Inhaltsstoffe sch\u00fctzen vor Karies und unterst\u00fctzen die Mundhygiene. Der limonig-minzige Geschmack ist erfrischend, der Kaugummi zu 100% vegan und frei von Gentechnik.<\/p>\n","protected":false},"excerpt":{"rendered":"<p>Black is White Kaugummi macht die Z\u00e4hne dank Aktivkohle wei\u00df. Weitere wertvolle Inhaltsstoffe sch\u00fctzen vor Karies und unterst\u00fctzen die Mundhygiene. Der limonig-minzige Geschmack ist erfrischend, der Kaugummi zu 100% vegan und frei von Gentechnik.<\/p>\n","protected":false},"featured_media":118501,"template":"","meta":{"_acf_changed":false},"product_brand":[],"product_cat":[802],"product_tag":[],"class_list":{"0":"post-118499","1":"product","2":"type-product","3":"status-publish","4":"has-post-thumbnail","6":"product_cat-b","7":"pa_packungsgroesse-12-stueck","9":"first","10":"instock","11":"shipping-taxable","12":"purchasable","13":"product-type-simple"},"acf":[],"_links":{"self":[{"href":"https:\/\/www.ernstbrunn-apotheke.at\/katalog\/wp-json\/wp\/v2\/product\/118499","targetHints":{"allow":["GET"]}}],"collection":[{"href":"https:\/\/www.ernstbrunn-apotheke.at\/katalog\/wp-json\/wp\/v2\/product"}],"about":[{"href":"https:\/\/www.ernstbrunn-apotheke.at\/katalog\/wp-json\/wp\/v2\/types\/product"}],"wp:featuredmedia":[{"embeddable":true,"href":"https:\/\/www.ernstbrunn-apotheke.at\/katalog\/wp-json\/wp\/v2\/media\/118501"}],"wp:attachment":[{"href":"https:\/\/www.ernstbrunn-apotheke.at\/katalog\/wp-json\/wp\/v2\/media?parent=118499"}],"wp:term":[{"taxonomy":"product_brand","embeddable":true,"href":"https:\/\/www.ernstbrunn-apotheke.at\/katalog\/wp-json\/wp\/v2\/product_brand?post=118499"},{"taxonomy":"product_cat","embeddable":true,"href":"https:\/\/www.ernstbrunn-apotheke.at\/katalog\/wp-json\/wp\/v2\/product_cat?post=118499"},{"taxonomy":"product_tag","embeddable":true,"href":"https:\/\/www.ernstbrunn-apotheke.at\/katalog\/wp-json\/wp\/v2\/product_tag?post=118499"}],"curies":[{"name":"wp","href":"https:\/\/api.w.org\/{rel}","templated":true}]}}