{"id":118470,"date":"2025-11-13T08:34:42","date_gmt":"2025-11-13T07:34:42","guid":{"rendered":"https:\/\/www.ernstbrunn-apotheke.at\/katalog\/produkt\/biotta-bio-preiselbeer-plus-saft-500-ml\/"},"modified":"2025-12-08T23:08:41","modified_gmt":"2025-12-08T22:08:41","slug":"biotta-bio-preiselbeer-plus-saft-500-ml","status":"publish","type":"product","link":"https:\/\/www.ernstbrunn-apotheke.at\/katalog\/produkt\/biotta-bio-preiselbeer-plus-saft-500-ml\/","title":{"rendered":"Biotta Bio Preiselbeer Plus Saft 500 ml"},"content":{"rendered":"<p>Der Bio Preiselbeer Plus Birkenbl\u00e4ttertee Saft von Biotta eignet sich als idealer Begleiter beim Fr\u00fchst\u00fcck oder w\u00e4hrend einer Saftkur. Der Saft enth\u00e4lt wertvolle sekund\u00e4re Pflanzenstoffe und schmeckt angenehm frisch. Der Biotta Bio Preiselbeer Plus Birkenbl\u00e4ttertee Saft enth\u00e4lt wertvolle Preiselbeeren in h\u00f6chster Bio-Qualit\u00e4t sowie Birkenbl\u00e4ttertee und Agavendicksaft. Der Saft schmeckt angenehm frisch und eignet sich auch f\u00fcr Saftkuren.<\/p>\n","protected":false},"excerpt":{"rendered":"<p>Der Bio Preiselbeer Plus Birkenbl\u00e4ttertee Saft von Biotta eignet sich als idealer Begleiter beim Fr\u00fchst\u00fcck oder w\u00e4hrend einer Saftkur. Der Saft enth\u00e4lt wertvolle sekund\u00e4re Pflanzenstoffe und schmeckt angenehm frisch. Der Biotta Bio Preiselbeer Plus Birkenbl\u00e4ttertee Saft enth\u00e4lt wertvolle Preiselbeeren in h\u00f6chster Bio-Qualit\u00e4t sowie Birkenbl\u00e4ttertee und Agavendicksaft. Der Saft schmeckt angenehm frisch und eignet sich auch [&hellip;]<\/p>\n","protected":false},"featured_media":118472,"template":"","meta":{"_acf_changed":false},"product_brand":[],"product_cat":[802],"product_tag":[],"class_list":{"0":"post-118470","1":"product","2":"type-product","3":"status-publish","4":"has-post-thumbnail","6":"product_cat-b","7":"pa_packungsgroesse-500ml","9":"first","10":"instock","11":"shipping-taxable","12":"purchasable","13":"product-type-simple"},"acf":[],"_links":{"self":[{"href":"https:\/\/www.ernstbrunn-apotheke.at\/katalog\/wp-json\/wp\/v2\/product\/118470","targetHints":{"allow":["GET"]}}],"collection":[{"href":"https:\/\/www.ernstbrunn-apotheke.at\/katalog\/wp-json\/wp\/v2\/product"}],"about":[{"href":"https:\/\/www.ernstbrunn-apotheke.at\/katalog\/wp-json\/wp\/v2\/types\/product"}],"wp:featuredmedia":[{"embeddable":true,"href":"https:\/\/www.ernstbrunn-apotheke.at\/katalog\/wp-json\/wp\/v2\/media\/118472"}],"wp:attachment":[{"href":"https:\/\/www.ernstbrunn-apotheke.at\/katalog\/wp-json\/wp\/v2\/media?parent=118470"}],"wp:term":[{"taxonomy":"product_brand","embeddable":true,"href":"https:\/\/www.ernstbrunn-apotheke.at\/katalog\/wp-json\/wp\/v2\/product_brand?post=118470"},{"taxonomy":"product_cat","embeddable":true,"href":"https:\/\/www.ernstbrunn-apotheke.at\/katalog\/wp-json\/wp\/v2\/product_cat?post=118470"},{"taxonomy":"product_tag","embeddable":true,"href":"https:\/\/www.ernstbrunn-apotheke.at\/katalog\/wp-json\/wp\/v2\/product_tag?post=118470"}],"curies":[{"name":"wp","href":"https:\/\/api.w.org\/{rel}","templated":true}]}}