{"id":118460,"date":"2025-11-13T08:33:47","date_gmt":"2025-11-13T07:33:47","guid":{"rendered":"https:\/\/www.ernstbrunn-apotheke.at\/katalog\/produkt\/biotin-10-mg-zink-selen-tabletten-365-stk\/"},"modified":"2025-12-08T23:08:40","modified_gmt":"2025-12-08T22:08:40","slug":"biotin-10-mg-zink-selen-tabletten-365-stk","status":"publish","type":"product","link":"https:\/\/www.ernstbrunn-apotheke.at\/katalog\/produkt\/biotin-10-mg-zink-selen-tabletten-365-stk\/","title":{"rendered":"Biotin 10 mg + Zink +Selen Tabletten 365 Stk."},"content":{"rendered":"<p>Biotin 10 mg + Zink +Selen Tabletten beinhalten eine unschlagbare Kombination f\u00fcr Haut, Haarwachstum und N\u00e4gel! Das Biotin (Vitamin B7) und die beiden Spurenelemente unterst\u00fctzen das nat\u00fcrliche Wachstum in bester Wertigkeit.<\/p>\n","protected":false},"excerpt":{"rendered":"<p>Biotin 10 mg + Zink +Selen Tabletten beinhalten eine unschlagbare Kombination f\u00fcr Haut, Haarwachstum und N\u00e4gel! Das Biotin (Vitamin B7) und die beiden Spurenelemente unterst\u00fctzen das nat\u00fcrliche Wachstum in bester Wertigkeit.<\/p>\n","protected":false},"featured_media":118462,"template":"","meta":{"_acf_changed":false},"product_brand":[],"product_cat":[802],"product_tag":[],"class_list":{"0":"post-118460","1":"product","2":"type-product","3":"status-publish","4":"has-post-thumbnail","6":"product_cat-b","7":"pa_packungsgroesse-365-stueck","9":"first","10":"instock","11":"shipping-taxable","12":"purchasable","13":"product-type-simple"},"acf":[],"_links":{"self":[{"href":"https:\/\/www.ernstbrunn-apotheke.at\/katalog\/wp-json\/wp\/v2\/product\/118460","targetHints":{"allow":["GET"]}}],"collection":[{"href":"https:\/\/www.ernstbrunn-apotheke.at\/katalog\/wp-json\/wp\/v2\/product"}],"about":[{"href":"https:\/\/www.ernstbrunn-apotheke.at\/katalog\/wp-json\/wp\/v2\/types\/product"}],"wp:featuredmedia":[{"embeddable":true,"href":"https:\/\/www.ernstbrunn-apotheke.at\/katalog\/wp-json\/wp\/v2\/media\/118462"}],"wp:attachment":[{"href":"https:\/\/www.ernstbrunn-apotheke.at\/katalog\/wp-json\/wp\/v2\/media?parent=118460"}],"wp:term":[{"taxonomy":"product_brand","embeddable":true,"href":"https:\/\/www.ernstbrunn-apotheke.at\/katalog\/wp-json\/wp\/v2\/product_brand?post=118460"},{"taxonomy":"product_cat","embeddable":true,"href":"https:\/\/www.ernstbrunn-apotheke.at\/katalog\/wp-json\/wp\/v2\/product_cat?post=118460"},{"taxonomy":"product_tag","embeddable":true,"href":"https:\/\/www.ernstbrunn-apotheke.at\/katalog\/wp-json\/wp\/v2\/product_tag?post=118460"}],"curies":[{"name":"wp","href":"https:\/\/api.w.org\/{rel}","templated":true}]}}