{"id":118428,"date":"2025-11-13T08:32:57","date_gmt":"2025-11-13T07:32:57","guid":{"rendered":"https:\/\/www.ernstbrunn-apotheke.at\/katalog\/produkt\/biolectra-magnesium-300-mg-trinkflaeschchen-28-stk\/"},"modified":"2025-12-08T23:08:30","modified_gmt":"2025-12-08T22:08:30","slug":"biolectra-magnesium-300-mg-trinkflaeschchen-28-stk","status":"publish","type":"product","link":"https:\/\/www.ernstbrunn-apotheke.at\/katalog\/produkt\/biolectra-magnesium-300-mg-trinkflaeschchen-28-stk\/","title":{"rendered":"Biolectra Magnesium 300 mg Trinkfl\u00e4schchen 28 Stk."},"content":{"rendered":"<p>Das erste Liquid-Express-Magnesium stellt dem K\u00f6rper den essentiellen Mineralstoff aus reinem Magnesium-Citrat in hoch konzentrierter und bereits vollst\u00e4ndig gel\u00f6ster Form zur Verf\u00fcgung. Sofort trinkfertig und mit nur einem einzigen Schluck Fl\u00fcssigkeit macht es die t\u00e4gliche Aufnahme von Magnesium einfach und unkompliziert \u2013 egal, wo Sie sich gerade aufhalten oder was Sie noch vorhaben.<\/p>\n","protected":false},"excerpt":{"rendered":"<p>Das erste Liquid-Express-Magnesium stellt dem K\u00f6rper den essentiellen Mineralstoff aus reinem Magnesium-Citrat in hoch konzentrierter und bereits vollst\u00e4ndig gel\u00f6ster Form zur Verf\u00fcgung. Sofort trinkfertig und mit nur einem einzigen Schluck Fl\u00fcssigkeit macht es die t\u00e4gliche Aufnahme von Magnesium einfach und unkompliziert \u2013 egal, wo Sie sich gerade aufhalten oder was Sie noch vorhaben.<\/p>\n","protected":false},"featured_media":118430,"template":"","meta":{"_acf_changed":false},"product_brand":[],"product_cat":[802],"product_tag":[],"class_list":{"0":"post-118428","1":"product","2":"type-product","3":"status-publish","4":"has-post-thumbnail","6":"product_cat-b","7":"pa_packungsgroesse-28-stueck","9":"first","10":"instock","11":"shipping-taxable","12":"purchasable","13":"product-type-simple"},"acf":[],"_links":{"self":[{"href":"https:\/\/www.ernstbrunn-apotheke.at\/katalog\/wp-json\/wp\/v2\/product\/118428","targetHints":{"allow":["GET"]}}],"collection":[{"href":"https:\/\/www.ernstbrunn-apotheke.at\/katalog\/wp-json\/wp\/v2\/product"}],"about":[{"href":"https:\/\/www.ernstbrunn-apotheke.at\/katalog\/wp-json\/wp\/v2\/types\/product"}],"wp:featuredmedia":[{"embeddable":true,"href":"https:\/\/www.ernstbrunn-apotheke.at\/katalog\/wp-json\/wp\/v2\/media\/118430"}],"wp:attachment":[{"href":"https:\/\/www.ernstbrunn-apotheke.at\/katalog\/wp-json\/wp\/v2\/media?parent=118428"}],"wp:term":[{"taxonomy":"product_brand","embeddable":true,"href":"https:\/\/www.ernstbrunn-apotheke.at\/katalog\/wp-json\/wp\/v2\/product_brand?post=118428"},{"taxonomy":"product_cat","embeddable":true,"href":"https:\/\/www.ernstbrunn-apotheke.at\/katalog\/wp-json\/wp\/v2\/product_cat?post=118428"},{"taxonomy":"product_tag","embeddable":true,"href":"https:\/\/www.ernstbrunn-apotheke.at\/katalog\/wp-json\/wp\/v2\/product_tag?post=118428"}],"curies":[{"name":"wp","href":"https:\/\/api.w.org\/{rel}","templated":true}]}}