{"id":118395,"date":"2025-11-13T08:31:49","date_gmt":"2025-11-13T07:31:49","guid":{"rendered":"https:\/\/www.ernstbrunn-apotheke.at\/katalog\/produkt\/biofit-hildegard-vichtsan-wasserlinsen-trank-500-ml\/"},"modified":"2025-12-08T23:08:24","modified_gmt":"2025-12-08T22:08:24","slug":"biofit-hildegard-vichtsan-wasserlinsen-trank-500-ml","status":"publish","type":"product","link":"https:\/\/www.ernstbrunn-apotheke.at\/katalog\/produkt\/biofit-hildegard-vichtsan-wasserlinsen-trank-500-ml\/","title":{"rendered":"Biofit Hildegard Vichtsan\/Wasserlinsen Trank  500 ml"},"content":{"rendered":"<p>Biofit Hildegard Vichtsan\/Wasserlinsen Trank wird aus sorgf\u00e4ltig ausgew\u00e4hlten und fachgerecht gepr\u00fcften Zutaten wie Zimt, Ingwer, Salbei, Fenchel, Pfeffer, Wasserlinse und anderen naturbelassenen Kr\u00e4utern gewonnen. Vichtosan ist ein Kr\u00e4utertrank zur Nahrungserg\u00e4nzung nach Hildegard von Bingen.<\/p>\n","protected":false},"excerpt":{"rendered":"<p>Biofit Hildegard Vichtsan\/Wasserlinsen Trank wird aus sorgf\u00e4ltig ausgew\u00e4hlten und fachgerecht gepr\u00fcften Zutaten wie Zimt, Ingwer, Salbei, Fenchel, Pfeffer, Wasserlinse und anderen naturbelassenen Kr\u00e4utern gewonnen. Vichtosan ist ein Kr\u00e4utertrank zur Nahrungserg\u00e4nzung nach Hildegard von Bingen.<\/p>\n","protected":false},"featured_media":118397,"template":"","meta":{"_acf_changed":false},"product_brand":[1455],"product_cat":[802],"product_tag":[],"class_list":{"0":"post-118395","1":"product","2":"type-product","3":"status-publish","4":"has-post-thumbnail","6":"product_brand-biofit","7":"product_cat-b","8":"pa_packungsgroesse-500ml","10":"first","11":"instock","12":"shipping-taxable","13":"purchasable","14":"product-type-simple"},"acf":[],"_links":{"self":[{"href":"https:\/\/www.ernstbrunn-apotheke.at\/katalog\/wp-json\/wp\/v2\/product\/118395","targetHints":{"allow":["GET"]}}],"collection":[{"href":"https:\/\/www.ernstbrunn-apotheke.at\/katalog\/wp-json\/wp\/v2\/product"}],"about":[{"href":"https:\/\/www.ernstbrunn-apotheke.at\/katalog\/wp-json\/wp\/v2\/types\/product"}],"wp:featuredmedia":[{"embeddable":true,"href":"https:\/\/www.ernstbrunn-apotheke.at\/katalog\/wp-json\/wp\/v2\/media\/118397"}],"wp:attachment":[{"href":"https:\/\/www.ernstbrunn-apotheke.at\/katalog\/wp-json\/wp\/v2\/media?parent=118395"}],"wp:term":[{"taxonomy":"product_brand","embeddable":true,"href":"https:\/\/www.ernstbrunn-apotheke.at\/katalog\/wp-json\/wp\/v2\/product_brand?post=118395"},{"taxonomy":"product_cat","embeddable":true,"href":"https:\/\/www.ernstbrunn-apotheke.at\/katalog\/wp-json\/wp\/v2\/product_cat?post=118395"},{"taxonomy":"product_tag","embeddable":true,"href":"https:\/\/www.ernstbrunn-apotheke.at\/katalog\/wp-json\/wp\/v2\/product_tag?post=118395"}],"curies":[{"name":"wp","href":"https:\/\/api.w.org\/{rel}","templated":true}]}}