{"id":118351,"date":"2025-11-13T08:30:45","date_gmt":"2025-11-13T07:30:45","guid":{"rendered":"https:\/\/www.ernstbrunn-apotheke.at\/katalog\/produkt\/biofit-hildegard-suppe-delikatesse-bio-280-g\/"},"modified":"2025-12-08T23:08:17","modified_gmt":"2025-12-08T22:08:17","slug":"biofit-hildegard-suppe-delikatesse-bio-280-g","status":"publish","type":"product","link":"https:\/\/www.ernstbrunn-apotheke.at\/katalog\/produkt\/biofit-hildegard-suppe-delikatesse-bio-280-g\/","title":{"rendered":"Biofit Hildegard Suppe Delikatesse Bio 280 g"},"content":{"rendered":"<p><strong>Rein pflanzlich nach den Ern\u00e4hrungsrichtlinien Hildegards hergestellt und mit feinen Gew\u00fcrzen abgeschmeckt.<\/strong><\/p>\n<p>&#13;<\/p>\n<p>Bei der Herstellung wird bewusst auf den Einsatz von Lauch, Kohl, und Zucker verzichtet. Zudem ist diese k\u00f6stliche Suppenw\u00fcrze frei von chemischen Farb- und Konservierungsmitteln.<\/p>\n<p>&#13;<\/p>\n<p>Als Basis f\u00fcr Suppen, Saucen, sowie f\u00fcr Fleisch- und Gem\u00fcsegerichte und zum Abschmecken und W\u00fcrzen ist die Hildegard-Suppe bestens geeignet.<\/p>\n","protected":false},"excerpt":{"rendered":"<p>Rein pflanzlich nach den Ern\u00e4hrungsrichtlinien Hildegards hergestellt und mit feinen Gew\u00fcrzen abgeschmeckt. &#13; Bei der Herstellung wird bewusst auf den Einsatz von Lauch, Kohl, und Zucker verzichtet. Zudem ist diese k\u00f6stliche Suppenw\u00fcrze frei von chemischen Farb- und Konservierungsmitteln. &#13; Als Basis f\u00fcr Suppen, Saucen, sowie f\u00fcr Fleisch- und Gem\u00fcsegerichte und zum Abschmecken und W\u00fcrzen ist [&hellip;]<\/p>\n","protected":false},"featured_media":118353,"template":"","meta":{"_acf_changed":false},"product_brand":[1455],"product_cat":[802],"product_tag":[],"class_list":{"0":"post-118351","1":"product","2":"type-product","3":"status-publish","4":"has-post-thumbnail","6":"product_brand-biofit","7":"product_cat-b","8":"pa_packungsgroesse-280g","10":"first","11":"instock","12":"shipping-taxable","13":"purchasable","14":"product-type-simple"},"acf":[],"_links":{"self":[{"href":"https:\/\/www.ernstbrunn-apotheke.at\/katalog\/wp-json\/wp\/v2\/product\/118351","targetHints":{"allow":["GET"]}}],"collection":[{"href":"https:\/\/www.ernstbrunn-apotheke.at\/katalog\/wp-json\/wp\/v2\/product"}],"about":[{"href":"https:\/\/www.ernstbrunn-apotheke.at\/katalog\/wp-json\/wp\/v2\/types\/product"}],"wp:featuredmedia":[{"embeddable":true,"href":"https:\/\/www.ernstbrunn-apotheke.at\/katalog\/wp-json\/wp\/v2\/media\/118353"}],"wp:attachment":[{"href":"https:\/\/www.ernstbrunn-apotheke.at\/katalog\/wp-json\/wp\/v2\/media?parent=118351"}],"wp:term":[{"taxonomy":"product_brand","embeddable":true,"href":"https:\/\/www.ernstbrunn-apotheke.at\/katalog\/wp-json\/wp\/v2\/product_brand?post=118351"},{"taxonomy":"product_cat","embeddable":true,"href":"https:\/\/www.ernstbrunn-apotheke.at\/katalog\/wp-json\/wp\/v2\/product_cat?post=118351"},{"taxonomy":"product_tag","embeddable":true,"href":"https:\/\/www.ernstbrunn-apotheke.at\/katalog\/wp-json\/wp\/v2\/product_tag?post=118351"}],"curies":[{"name":"wp","href":"https:\/\/api.w.org\/{rel}","templated":true}]}}