{"id":118348,"date":"2025-11-13T08:30:45","date_gmt":"2025-11-13T07:30:45","guid":{"rendered":"https:\/\/www.ernstbrunn-apotheke.at\/katalog\/produkt\/biofit-hildegard-suppe-delikatess-480-g\/"},"modified":"2025-12-08T23:08:15","modified_gmt":"2025-12-08T22:08:15","slug":"biofit-hildegard-suppe-delikatess-480-g","status":"publish","type":"product","link":"https:\/\/www.ernstbrunn-apotheke.at\/katalog\/produkt\/biofit-hildegard-suppe-delikatess-480-g\/","title":{"rendered":"Biofit Hildegard Suppe Delikatess 480 g"},"content":{"rendered":"<p>Biofit Hildegard Suppe Delikatess bildet die gesunde Basis f\u00fcr hausgemachte Suppen oder ist die ideale kleine Zwischenmahlzeit. Das Pulver einfach mit hei\u00dfem Wasser aufgie\u00dfen und Sie erhalten im Handumdrehen eine leckere Bouillon. Es eignet sich auch zum W\u00fcrzen und Verfeinern von Speisen. Bei der Herstellung wird bewusst auf den Einsatz von Porree, Kohl und Zucker verzichtet  jetzt versandkostenfrei* bestellen!<\/p>\n","protected":false},"excerpt":{"rendered":"<p>Biofit Hildegard Suppe Delikatess bildet die gesunde Basis f\u00fcr hausgemachte Suppen oder ist die ideale kleine Zwischenmahlzeit. Das Pulver einfach mit hei\u00dfem Wasser aufgie\u00dfen und Sie erhalten im Handumdrehen eine leckere Bouillon. Es eignet sich auch zum W\u00fcrzen und Verfeinern von Speisen. Bei der Herstellung wird bewusst auf den Einsatz von Porree, Kohl und Zucker [&hellip;]<\/p>\n","protected":false},"featured_media":118350,"template":"","meta":{"_acf_changed":false},"product_brand":[1455],"product_cat":[802],"product_tag":[],"class_list":{"0":"post-118348","1":"product","2":"type-product","3":"status-publish","4":"has-post-thumbnail","6":"product_brand-biofit","7":"product_cat-b","8":"pa_packungsgroesse-480g","10":"first","11":"instock","12":"shipping-taxable","13":"purchasable","14":"product-type-simple"},"acf":[],"_links":{"self":[{"href":"https:\/\/www.ernstbrunn-apotheke.at\/katalog\/wp-json\/wp\/v2\/product\/118348","targetHints":{"allow":["GET"]}}],"collection":[{"href":"https:\/\/www.ernstbrunn-apotheke.at\/katalog\/wp-json\/wp\/v2\/product"}],"about":[{"href":"https:\/\/www.ernstbrunn-apotheke.at\/katalog\/wp-json\/wp\/v2\/types\/product"}],"wp:featuredmedia":[{"embeddable":true,"href":"https:\/\/www.ernstbrunn-apotheke.at\/katalog\/wp-json\/wp\/v2\/media\/118350"}],"wp:attachment":[{"href":"https:\/\/www.ernstbrunn-apotheke.at\/katalog\/wp-json\/wp\/v2\/media?parent=118348"}],"wp:term":[{"taxonomy":"product_brand","embeddable":true,"href":"https:\/\/www.ernstbrunn-apotheke.at\/katalog\/wp-json\/wp\/v2\/product_brand?post=118348"},{"taxonomy":"product_cat","embeddable":true,"href":"https:\/\/www.ernstbrunn-apotheke.at\/katalog\/wp-json\/wp\/v2\/product_cat?post=118348"},{"taxonomy":"product_tag","embeddable":true,"href":"https:\/\/www.ernstbrunn-apotheke.at\/katalog\/wp-json\/wp\/v2\/product_tag?post=118348"}],"curies":[{"name":"wp","href":"https:\/\/api.w.org\/{rel}","templated":true}]}}