{"id":118345,"date":"2025-11-13T08:30:45","date_gmt":"2025-11-13T07:30:45","guid":{"rendered":"https:\/\/www.ernstbrunn-apotheke.at\/katalog\/produkt\/biofit-hildegard-sivesan-tabs-70-g\/"},"modified":"2025-12-08T23:08:14","modified_gmt":"2025-12-08T22:08:14","slug":"biofit-hildegard-sivesan-tabs-70-g","status":"publish","type":"product","link":"https:\/\/www.ernstbrunn-apotheke.at\/katalog\/produkt\/biofit-hildegard-sivesan-tabs-70-g\/","title":{"rendered":"Biofit Hildegard Sivesan TABS 70 g"},"content":{"rendered":"<p>Biofit Hildegard Sivesan TABS eignen sich zum Verzehr nach den Mahlzeiten in warmem Wein oder Fencheltee. Wenn uns Hildegard nichts anderes hinterlassen h\u00e4tte als diese spezielle Kr\u00e4utermischung, dann w\u00e4ren wir schon reich beschenkt.<\/p>\n","protected":false},"excerpt":{"rendered":"<p>Biofit Hildegard Sivesan TABS eignen sich zum Verzehr nach den Mahlzeiten in warmem Wein oder Fencheltee. Wenn uns Hildegard nichts anderes hinterlassen h\u00e4tte als diese spezielle Kr\u00e4utermischung, dann w\u00e4ren wir schon reich beschenkt.<\/p>\n","protected":false},"featured_media":118347,"template":"","meta":{"_acf_changed":false},"product_brand":[1455],"product_cat":[802],"product_tag":[],"class_list":{"0":"post-118345","1":"product","2":"type-product","3":"status-publish","4":"has-post-thumbnail","6":"product_brand-biofit","7":"product_cat-b","8":"pa_packungsgroesse-70g","10":"first","11":"instock","12":"shipping-taxable","13":"purchasable","14":"product-type-simple"},"acf":[],"_links":{"self":[{"href":"https:\/\/www.ernstbrunn-apotheke.at\/katalog\/wp-json\/wp\/v2\/product\/118345","targetHints":{"allow":["GET"]}}],"collection":[{"href":"https:\/\/www.ernstbrunn-apotheke.at\/katalog\/wp-json\/wp\/v2\/product"}],"about":[{"href":"https:\/\/www.ernstbrunn-apotheke.at\/katalog\/wp-json\/wp\/v2\/types\/product"}],"wp:featuredmedia":[{"embeddable":true,"href":"https:\/\/www.ernstbrunn-apotheke.at\/katalog\/wp-json\/wp\/v2\/media\/118347"}],"wp:attachment":[{"href":"https:\/\/www.ernstbrunn-apotheke.at\/katalog\/wp-json\/wp\/v2\/media?parent=118345"}],"wp:term":[{"taxonomy":"product_brand","embeddable":true,"href":"https:\/\/www.ernstbrunn-apotheke.at\/katalog\/wp-json\/wp\/v2\/product_brand?post=118345"},{"taxonomy":"product_cat","embeddable":true,"href":"https:\/\/www.ernstbrunn-apotheke.at\/katalog\/wp-json\/wp\/v2\/product_cat?post=118345"},{"taxonomy":"product_tag","embeddable":true,"href":"https:\/\/www.ernstbrunn-apotheke.at\/katalog\/wp-json\/wp\/v2\/product_tag?post=118345"}],"curies":[{"name":"wp","href":"https:\/\/api.w.org\/{rel}","templated":true}]}}