{"id":118322,"date":"2025-11-13T08:29:53","date_gmt":"2025-11-13T07:29:53","guid":{"rendered":"https:\/\/www.ernstbrunn-apotheke.at\/katalog\/produkt\/biofit-hildegard-schafsgarbe-tabs-nachfuellung-70-g\/"},"modified":"2025-12-08T23:08:10","modified_gmt":"2025-12-08T22:08:10","slug":"biofit-hildegard-schafsgarbe-tabs-nachfuellung-70-g","status":"publish","type":"product","link":"https:\/\/www.ernstbrunn-apotheke.at\/katalog\/produkt\/biofit-hildegard-schafsgarbe-tabs-nachfuellung-70-g\/","title":{"rendered":"Biofit Hildegard Schafsgarbe TABS Nachf\u00fcllung 70 g"},"content":{"rendered":"<p>Biofit Hildegard Schafsgarbe TABS Nachf\u00fcllung dienen zur Nahrungserg\u00e4nzung nach Hildegard von Bingen. Die Schafgarbe ist eine heimische Pflanze, die vorwiegend als Tee genossen wird. Nach Hildegard von Bingen ist auch die gepulverte Pflanze empfehlenswert. Um die optimale Wirkung dieser Tabs zu erhalten, einfach 4 x t\u00e4glich 3 Tabs zerkauen und mit warmen Wasser trinken.<\/p>\n","protected":false},"excerpt":{"rendered":"<p>Biofit Hildegard Schafsgarbe TABS Nachf\u00fcllung dienen zur Nahrungserg\u00e4nzung nach Hildegard von Bingen. Die Schafgarbe ist eine heimische Pflanze, die vorwiegend als Tee genossen wird. Nach Hildegard von Bingen ist auch die gepulverte Pflanze empfehlenswert. Um die optimale Wirkung dieser Tabs zu erhalten, einfach 4 x t\u00e4glich 3 Tabs zerkauen und mit warmen Wasser trinken.<\/p>\n","protected":false},"featured_media":118324,"template":"","meta":{"_acf_changed":false},"product_brand":[1455],"product_cat":[802],"product_tag":[],"class_list":{"0":"post-118322","1":"product","2":"type-product","3":"status-publish","4":"has-post-thumbnail","6":"product_brand-biofit","7":"product_cat-b","8":"pa_packungsgroesse-70g","10":"first","11":"instock","12":"shipping-taxable","13":"purchasable","14":"product-type-simple"},"acf":[],"_links":{"self":[{"href":"https:\/\/www.ernstbrunn-apotheke.at\/katalog\/wp-json\/wp\/v2\/product\/118322","targetHints":{"allow":["GET"]}}],"collection":[{"href":"https:\/\/www.ernstbrunn-apotheke.at\/katalog\/wp-json\/wp\/v2\/product"}],"about":[{"href":"https:\/\/www.ernstbrunn-apotheke.at\/katalog\/wp-json\/wp\/v2\/types\/product"}],"wp:featuredmedia":[{"embeddable":true,"href":"https:\/\/www.ernstbrunn-apotheke.at\/katalog\/wp-json\/wp\/v2\/media\/118324"}],"wp:attachment":[{"href":"https:\/\/www.ernstbrunn-apotheke.at\/katalog\/wp-json\/wp\/v2\/media?parent=118322"}],"wp:term":[{"taxonomy":"product_brand","embeddable":true,"href":"https:\/\/www.ernstbrunn-apotheke.at\/katalog\/wp-json\/wp\/v2\/product_brand?post=118322"},{"taxonomy":"product_cat","embeddable":true,"href":"https:\/\/www.ernstbrunn-apotheke.at\/katalog\/wp-json\/wp\/v2\/product_cat?post=118322"},{"taxonomy":"product_tag","embeddable":true,"href":"https:\/\/www.ernstbrunn-apotheke.at\/katalog\/wp-json\/wp\/v2\/product_tag?post=118322"}],"curies":[{"name":"wp","href":"https:\/\/api.w.org\/{rel}","templated":true}]}}