{"id":118315,"date":"2025-11-13T08:29:53","date_gmt":"2025-11-13T07:29:53","guid":{"rendered":"https:\/\/www.ernstbrunn-apotheke.at\/katalog\/produkt\/biofit-hildegard-sanivin-trank-500-ml\/"},"modified":"2025-12-08T23:08:07","modified_gmt":"2025-12-08T22:08:07","slug":"biofit-hildegard-sanivin-trank-500-ml","status":"publish","type":"product","link":"https:\/\/www.ernstbrunn-apotheke.at\/katalog\/produkt\/biofit-hildegard-sanivin-trank-500-ml\/","title":{"rendered":"Biofit Hildegard Sanivin Trank  500 ml"},"content":{"rendered":"<p>Biofit Hildegard Sanivin Trank ist ein milder Kr\u00e4utertrank auf Weinbasis mit Wald-Sanikelkraut, das in heimischen Buchenw\u00e4ldern und Laubmischw\u00e4ldern gedeiht. Die ausgewogene Rezeptur wird nach den Vorgaben Hildegards mit Bienenhonig und S\u00fc\u00dfholzwurzel verfeinert und schmeckt angenehm s\u00fc\u00df. Hildegard von Bingen empfiehlt: Oft nach dem Essen ein Lik\u00f6rglas trinken.<\/p>\n","protected":false},"excerpt":{"rendered":"<p>Biofit Hildegard Sanivin Trank ist ein milder Kr\u00e4utertrank auf Weinbasis mit Wald-Sanikelkraut, das in heimischen Buchenw\u00e4ldern und Laubmischw\u00e4ldern gedeiht. Die ausgewogene Rezeptur wird nach den Vorgaben Hildegards mit Bienenhonig und S\u00fc\u00dfholzwurzel verfeinert und schmeckt angenehm s\u00fc\u00df. Hildegard von Bingen empfiehlt: Oft nach dem Essen ein Lik\u00f6rglas trinken.<\/p>\n","protected":false},"featured_media":118317,"template":"","meta":{"_acf_changed":false},"product_brand":[1455],"product_cat":[802],"product_tag":[],"class_list":{"0":"post-118315","1":"product","2":"type-product","3":"status-publish","4":"has-post-thumbnail","6":"product_brand-biofit","7":"product_cat-b","8":"pa_packungsgroesse-500ml","10":"first","11":"instock","12":"shipping-taxable","13":"purchasable","14":"product-type-simple"},"acf":[],"_links":{"self":[{"href":"https:\/\/www.ernstbrunn-apotheke.at\/katalog\/wp-json\/wp\/v2\/product\/118315","targetHints":{"allow":["GET"]}}],"collection":[{"href":"https:\/\/www.ernstbrunn-apotheke.at\/katalog\/wp-json\/wp\/v2\/product"}],"about":[{"href":"https:\/\/www.ernstbrunn-apotheke.at\/katalog\/wp-json\/wp\/v2\/types\/product"}],"wp:featuredmedia":[{"embeddable":true,"href":"https:\/\/www.ernstbrunn-apotheke.at\/katalog\/wp-json\/wp\/v2\/media\/118317"}],"wp:attachment":[{"href":"https:\/\/www.ernstbrunn-apotheke.at\/katalog\/wp-json\/wp\/v2\/media?parent=118315"}],"wp:term":[{"taxonomy":"product_brand","embeddable":true,"href":"https:\/\/www.ernstbrunn-apotheke.at\/katalog\/wp-json\/wp\/v2\/product_brand?post=118315"},{"taxonomy":"product_cat","embeddable":true,"href":"https:\/\/www.ernstbrunn-apotheke.at\/katalog\/wp-json\/wp\/v2\/product_cat?post=118315"},{"taxonomy":"product_tag","embeddable":true,"href":"https:\/\/www.ernstbrunn-apotheke.at\/katalog\/wp-json\/wp\/v2\/product_tag?post=118315"}],"curies":[{"name":"wp","href":"https:\/\/api.w.org\/{rel}","templated":true}]}}