{"id":118292,"date":"2025-11-13T08:29:02","date_gmt":"2025-11-13T07:29:02","guid":{"rendered":"https:\/\/www.ernstbrunn-apotheke.at\/katalog\/produkt\/biofit-hildegard-rebaschenlauge-500-ml\/"},"modified":"2025-12-08T23:08:02","modified_gmt":"2025-12-08T22:08:02","slug":"biofit-hildegard-rebaschenlauge-500-ml","status":"publish","type":"product","link":"https:\/\/www.ernstbrunn-apotheke.at\/katalog\/produkt\/biofit-hildegard-rebaschenlauge-500-ml\/","title":{"rendered":"Biofit Hildegard Rebaschenlauge 500 ml"},"content":{"rendered":"<p>Biofit Hildegard Rebaschenlauge ist ein nat\u00fcrliches Zahnpflegemittel auf Weinbasis mit echter Weinrebenasche. Um die optimale Wirkung der Mundsp\u00fcll\u00f6sung zu erhalten, ein Lik\u00f6rglas voll durch Backenbewegungen etwa 1-2 Minuten im Mund einwirken lassen. Danach mit der Fl\u00fcssigkeit Z\u00e4hne und Zahnfleisch b\u00fcrsten, aussp\u00fclen und mit kaltem Wasser nachsp\u00fclen. Das h\u00e4lt die Z\u00e4hne kr\u00e4ftig und sch\u00f6n.<\/p>\n","protected":false},"excerpt":{"rendered":"<p>Biofit Hildegard Rebaschenlauge ist ein nat\u00fcrliches Zahnpflegemittel auf Weinbasis mit echter Weinrebenasche. Um die optimale Wirkung der Mundsp\u00fcll\u00f6sung zu erhalten, ein Lik\u00f6rglas voll durch Backenbewegungen etwa 1-2 Minuten im Mund einwirken lassen. Danach mit der Fl\u00fcssigkeit Z\u00e4hne und Zahnfleisch b\u00fcrsten, aussp\u00fclen und mit kaltem Wasser nachsp\u00fclen. Das h\u00e4lt die Z\u00e4hne kr\u00e4ftig und sch\u00f6n.<\/p>\n","protected":false},"featured_media":118294,"template":"","meta":{"_acf_changed":false},"product_brand":[1455],"product_cat":[802],"product_tag":[],"class_list":{"0":"post-118292","1":"product","2":"type-product","3":"status-publish","4":"has-post-thumbnail","6":"product_brand-biofit","7":"product_cat-b","8":"pa_packungsgroesse-500ml","10":"first","11":"instock","12":"shipping-taxable","13":"purchasable","14":"product-type-simple"},"acf":[],"_links":{"self":[{"href":"https:\/\/www.ernstbrunn-apotheke.at\/katalog\/wp-json\/wp\/v2\/product\/118292","targetHints":{"allow":["GET"]}}],"collection":[{"href":"https:\/\/www.ernstbrunn-apotheke.at\/katalog\/wp-json\/wp\/v2\/product"}],"about":[{"href":"https:\/\/www.ernstbrunn-apotheke.at\/katalog\/wp-json\/wp\/v2\/types\/product"}],"wp:featuredmedia":[{"embeddable":true,"href":"https:\/\/www.ernstbrunn-apotheke.at\/katalog\/wp-json\/wp\/v2\/media\/118294"}],"wp:attachment":[{"href":"https:\/\/www.ernstbrunn-apotheke.at\/katalog\/wp-json\/wp\/v2\/media?parent=118292"}],"wp:term":[{"taxonomy":"product_brand","embeddable":true,"href":"https:\/\/www.ernstbrunn-apotheke.at\/katalog\/wp-json\/wp\/v2\/product_brand?post=118292"},{"taxonomy":"product_cat","embeddable":true,"href":"https:\/\/www.ernstbrunn-apotheke.at\/katalog\/wp-json\/wp\/v2\/product_cat?post=118292"},{"taxonomy":"product_tag","embeddable":true,"href":"https:\/\/www.ernstbrunn-apotheke.at\/katalog\/wp-json\/wp\/v2\/product_tag?post=118292"}],"curies":[{"name":"wp","href":"https:\/\/api.w.org\/{rel}","templated":true}]}}