{"id":118285,"date":"2025-11-13T08:29:02","date_gmt":"2025-11-13T07:29:02","guid":{"rendered":"https:\/\/www.ernstbrunn-apotheke.at\/katalog\/produkt\/biofit-hildegard-prostavin-trank-500-ml\/"},"modified":"2025-12-08T23:07:59","modified_gmt":"2025-12-08T22:07:59","slug":"biofit-hildegard-prostavin-trank-500-ml","status":"publish","type":"product","link":"https:\/\/www.ernstbrunn-apotheke.at\/katalog\/produkt\/biofit-hildegard-prostavin-trank-500-ml\/","title":{"rendered":"Biofit Hildegard Prostavin Trank  500 ml"},"content":{"rendered":"<p>Biofit Hildegard Prostavin Trank wird nach der Originalrezeptur der Hildegard von Bingen hergestellt. Das Kr\u00e4uterelixier h\u00f6chster Qualit\u00e4t sorgt f\u00fcr Ihr Wohlbefinden. Das aromatisierte weinhaltige Getr\u00e4nk entfaltet seine beste Wirkung, wenn Sie mehrmals am Tag ein Lik\u00f6rglas voll trinken.<\/p>\n","protected":false},"excerpt":{"rendered":"<p>Biofit Hildegard Prostavin Trank wird nach der Originalrezeptur der Hildegard von Bingen hergestellt. Das Kr\u00e4uterelixier h\u00f6chster Qualit\u00e4t sorgt f\u00fcr Ihr Wohlbefinden. Das aromatisierte weinhaltige Getr\u00e4nk entfaltet seine beste Wirkung, wenn Sie mehrmals am Tag ein Lik\u00f6rglas voll trinken.<\/p>\n","protected":false},"featured_media":118287,"template":"","meta":{"_acf_changed":false},"product_brand":[1455],"product_cat":[802],"product_tag":[],"class_list":{"0":"post-118285","1":"product","2":"type-product","3":"status-publish","4":"has-post-thumbnail","6":"product_brand-biofit","7":"product_cat-b","8":"pa_packungsgroesse-500ml","10":"first","11":"instock","12":"shipping-taxable","13":"purchasable","14":"product-type-simple"},"acf":[],"_links":{"self":[{"href":"https:\/\/www.ernstbrunn-apotheke.at\/katalog\/wp-json\/wp\/v2\/product\/118285","targetHints":{"allow":["GET"]}}],"collection":[{"href":"https:\/\/www.ernstbrunn-apotheke.at\/katalog\/wp-json\/wp\/v2\/product"}],"about":[{"href":"https:\/\/www.ernstbrunn-apotheke.at\/katalog\/wp-json\/wp\/v2\/types\/product"}],"wp:featuredmedia":[{"embeddable":true,"href":"https:\/\/www.ernstbrunn-apotheke.at\/katalog\/wp-json\/wp\/v2\/media\/118287"}],"wp:attachment":[{"href":"https:\/\/www.ernstbrunn-apotheke.at\/katalog\/wp-json\/wp\/v2\/media?parent=118285"}],"wp:term":[{"taxonomy":"product_brand","embeddable":true,"href":"https:\/\/www.ernstbrunn-apotheke.at\/katalog\/wp-json\/wp\/v2\/product_brand?post=118285"},{"taxonomy":"product_cat","embeddable":true,"href":"https:\/\/www.ernstbrunn-apotheke.at\/katalog\/wp-json\/wp\/v2\/product_cat?post=118285"},{"taxonomy":"product_tag","embeddable":true,"href":"https:\/\/www.ernstbrunn-apotheke.at\/katalog\/wp-json\/wp\/v2\/product_tag?post=118285"}],"curies":[{"name":"wp","href":"https:\/\/api.w.org\/{rel}","templated":true}]}}