{"id":118267,"date":"2025-11-13T08:28:22","date_gmt":"2025-11-13T07:28:22","guid":{"rendered":"https:\/\/www.ernstbrunn-apotheke.at\/katalog\/produkt\/biofit-hildegard-pilofen-fenchel-tabs-25-g\/"},"modified":"2025-12-08T23:07:55","modified_gmt":"2025-12-08T22:07:55","slug":"biofit-hildegard-pilofen-fenchel-tabs-25-g","status":"publish","type":"product","link":"https:\/\/www.ernstbrunn-apotheke.at\/katalog\/produkt\/biofit-hildegard-pilofen-fenchel-tabs-25-g\/","title":{"rendered":"Biofit Hildegard Pilofen Fenchel-Tabs 25 g"},"content":{"rendered":"<p>Biofit Hildegard Pilofen Fenchel-Tabs nutzen die positiven Effekte des Fenchels. Diese sind seit vielen Jahren bekannt und nicht zuletzt sorgt der Fenchel auch f\u00fcr frischen Atem. N\u00fctzen Sie die aromatischen Fenchel-Tabs als nat\u00fcrliches Nahrungserg\u00e4nzungsmittel.<\/p>\n","protected":false},"excerpt":{"rendered":"<p>Biofit Hildegard Pilofen Fenchel-Tabs nutzen die positiven Effekte des Fenchels. Diese sind seit vielen Jahren bekannt und nicht zuletzt sorgt der Fenchel auch f\u00fcr frischen Atem. N\u00fctzen Sie die aromatischen Fenchel-Tabs als nat\u00fcrliches Nahrungserg\u00e4nzungsmittel.<\/p>\n","protected":false},"featured_media":118269,"template":"","meta":{"_acf_changed":false},"product_brand":[1455],"product_cat":[802],"product_tag":[],"class_list":{"0":"post-118267","1":"product","2":"type-product","3":"status-publish","4":"has-post-thumbnail","6":"product_brand-biofit","7":"product_cat-b","8":"pa_packungsgroesse-25g","10":"first","11":"instock","12":"shipping-taxable","13":"purchasable","14":"product-type-simple"},"acf":[],"_links":{"self":[{"href":"https:\/\/www.ernstbrunn-apotheke.at\/katalog\/wp-json\/wp\/v2\/product\/118267","targetHints":{"allow":["GET"]}}],"collection":[{"href":"https:\/\/www.ernstbrunn-apotheke.at\/katalog\/wp-json\/wp\/v2\/product"}],"about":[{"href":"https:\/\/www.ernstbrunn-apotheke.at\/katalog\/wp-json\/wp\/v2\/types\/product"}],"wp:featuredmedia":[{"embeddable":true,"href":"https:\/\/www.ernstbrunn-apotheke.at\/katalog\/wp-json\/wp\/v2\/media\/118269"}],"wp:attachment":[{"href":"https:\/\/www.ernstbrunn-apotheke.at\/katalog\/wp-json\/wp\/v2\/media?parent=118267"}],"wp:term":[{"taxonomy":"product_brand","embeddable":true,"href":"https:\/\/www.ernstbrunn-apotheke.at\/katalog\/wp-json\/wp\/v2\/product_brand?post=118267"},{"taxonomy":"product_cat","embeddable":true,"href":"https:\/\/www.ernstbrunn-apotheke.at\/katalog\/wp-json\/wp\/v2\/product_cat?post=118267"},{"taxonomy":"product_tag","embeddable":true,"href":"https:\/\/www.ernstbrunn-apotheke.at\/katalog\/wp-json\/wp\/v2\/product_tag?post=118267"}],"curies":[{"name":"wp","href":"https:\/\/api.w.org\/{rel}","templated":true}]}}