{"id":118231,"date":"2025-11-13T08:27:46","date_gmt":"2025-11-13T07:27:46","guid":{"rendered":"https:\/\/www.ernstbrunn-apotheke.at\/katalog\/produkt\/biofit-hildegard-koenigskerzen-trank-500-ml\/"},"modified":"2025-12-08T23:07:45","modified_gmt":"2025-12-08T22:07:45","slug":"biofit-hildegard-koenigskerzen-trank-500-ml","status":"publish","type":"product","link":"https:\/\/www.ernstbrunn-apotheke.at\/katalog\/produkt\/biofit-hildegard-koenigskerzen-trank-500-ml\/","title":{"rendered":"Biofit Hildegard K\u00f6nigskerzen Trank  500 ml"},"content":{"rendered":"<p>Biofit Hildegard K\u00f6nigskraut Trank vereitelt und beruhigt eine raue Stimme oder Heiserkeit. Auch seitens bekannter Kammers\u00e4nger und Schauspieler wurden beste Erfahrungen oft bereits am n\u00e4chsten Tag berichtet. Nicht nur im Winter, sondern auch im Sommer ein hei\u00dfer Tipp.<\/p>\n","protected":false},"excerpt":{"rendered":"<p>Biofit Hildegard K\u00f6nigskraut Trank vereitelt und beruhigt eine raue Stimme oder Heiserkeit. Auch seitens bekannter Kammers\u00e4nger und Schauspieler wurden beste Erfahrungen oft bereits am n\u00e4chsten Tag berichtet. Nicht nur im Winter, sondern auch im Sommer ein hei\u00dfer Tipp.<\/p>\n","protected":false},"featured_media":118233,"template":"","meta":{"_acf_changed":false},"product_brand":[1455],"product_cat":[802],"product_tag":[],"class_list":{"0":"post-118231","1":"product","2":"type-product","3":"status-publish","4":"has-post-thumbnail","6":"product_brand-biofit","7":"product_cat-b","8":"pa_packungsgroesse-500ml","10":"first","11":"instock","12":"shipping-taxable","13":"purchasable","14":"product-type-simple"},"acf":[],"_links":{"self":[{"href":"https:\/\/www.ernstbrunn-apotheke.at\/katalog\/wp-json\/wp\/v2\/product\/118231","targetHints":{"allow":["GET"]}}],"collection":[{"href":"https:\/\/www.ernstbrunn-apotheke.at\/katalog\/wp-json\/wp\/v2\/product"}],"about":[{"href":"https:\/\/www.ernstbrunn-apotheke.at\/katalog\/wp-json\/wp\/v2\/types\/product"}],"wp:featuredmedia":[{"embeddable":true,"href":"https:\/\/www.ernstbrunn-apotheke.at\/katalog\/wp-json\/wp\/v2\/media\/118233"}],"wp:attachment":[{"href":"https:\/\/www.ernstbrunn-apotheke.at\/katalog\/wp-json\/wp\/v2\/media?parent=118231"}],"wp:term":[{"taxonomy":"product_brand","embeddable":true,"href":"https:\/\/www.ernstbrunn-apotheke.at\/katalog\/wp-json\/wp\/v2\/product_brand?post=118231"},{"taxonomy":"product_cat","embeddable":true,"href":"https:\/\/www.ernstbrunn-apotheke.at\/katalog\/wp-json\/wp\/v2\/product_cat?post=118231"},{"taxonomy":"product_tag","embeddable":true,"href":"https:\/\/www.ernstbrunn-apotheke.at\/katalog\/wp-json\/wp\/v2\/product_tag?post=118231"}],"curies":[{"name":"wp","href":"https:\/\/api.w.org\/{rel}","templated":true}]}}