{"id":118224,"date":"2025-11-13T08:26:59","date_gmt":"2025-11-13T07:26:59","guid":{"rendered":"https:\/\/www.ernstbrunn-apotheke.at\/katalog\/produkt\/biofit-hildegard-griechenland-mischpulver-100-g\/"},"modified":"2025-12-08T23:07:42","modified_gmt":"2025-12-08T22:07:42","slug":"biofit-hildegard-griechenland-mischpulver-100-g","status":"publish","type":"product","link":"https:\/\/www.ernstbrunn-apotheke.at\/katalog\/produkt\/biofit-hildegard-griechenland-mischpulver-100-g\/","title":{"rendered":"Biofit Hildegard Griechenland Mischpulver 100 g"},"content":{"rendered":"<p>Biofit Hildegard Griechenland Mischpulver hinterl\u00e4sst ein gest\u00e4rktes Gef\u00fchl in Ihrem Geist. Die herzhafte Gew\u00fcrzmischung nach der Klosterfrau Hildegard von Bingen besteht aus wei\u00dfem Pfeffer, Mutterk\u00fcmmel und Griechenklee. Sie ist w\u00fcrzig und aromatisch, sodass die S\u00e4fte bereits bei der Einnahme im Mund flie\u00dfen.<\/p>\n","protected":false},"excerpt":{"rendered":"<p>Biofit Hildegard Griechenland Mischpulver hinterl\u00e4sst ein gest\u00e4rktes Gef\u00fchl in Ihrem Geist. Die herzhafte Gew\u00fcrzmischung nach der Klosterfrau Hildegard von Bingen besteht aus wei\u00dfem Pfeffer, Mutterk\u00fcmmel und Griechenklee. Sie ist w\u00fcrzig und aromatisch, sodass die S\u00e4fte bereits bei der Einnahme im Mund flie\u00dfen.<\/p>\n","protected":false},"featured_media":118226,"template":"","meta":{"_acf_changed":false},"product_brand":[1455],"product_cat":[802],"product_tag":[],"class_list":{"0":"post-118224","1":"product","2":"type-product","3":"status-publish","4":"has-post-thumbnail","6":"product_brand-biofit","7":"product_cat-b","8":"pa_packungsgroesse-100g","10":"first","11":"instock","12":"shipping-taxable","13":"purchasable","14":"product-type-simple"},"acf":[],"_links":{"self":[{"href":"https:\/\/www.ernstbrunn-apotheke.at\/katalog\/wp-json\/wp\/v2\/product\/118224","targetHints":{"allow":["GET"]}}],"collection":[{"href":"https:\/\/www.ernstbrunn-apotheke.at\/katalog\/wp-json\/wp\/v2\/product"}],"about":[{"href":"https:\/\/www.ernstbrunn-apotheke.at\/katalog\/wp-json\/wp\/v2\/types\/product"}],"wp:featuredmedia":[{"embeddable":true,"href":"https:\/\/www.ernstbrunn-apotheke.at\/katalog\/wp-json\/wp\/v2\/media\/118226"}],"wp:attachment":[{"href":"https:\/\/www.ernstbrunn-apotheke.at\/katalog\/wp-json\/wp\/v2\/media?parent=118224"}],"wp:term":[{"taxonomy":"product_brand","embeddable":true,"href":"https:\/\/www.ernstbrunn-apotheke.at\/katalog\/wp-json\/wp\/v2\/product_brand?post=118224"},{"taxonomy":"product_cat","embeddable":true,"href":"https:\/\/www.ernstbrunn-apotheke.at\/katalog\/wp-json\/wp\/v2\/product_cat?post=118224"},{"taxonomy":"product_tag","embeddable":true,"href":"https:\/\/www.ernstbrunn-apotheke.at\/katalog\/wp-json\/wp\/v2\/product_tag?post=118224"}],"curies":[{"name":"wp","href":"https:\/\/api.w.org\/{rel}","templated":true}]}}