{"id":118207,"date":"2025-11-13T08:26:59","date_gmt":"2025-11-13T07:26:59","guid":{"rendered":"https:\/\/www.ernstbrunn-apotheke.at\/katalog\/produkt\/biofit-hildegard-galgantwurzel-trank-500-ml\/"},"modified":"2025-12-08T23:07:38","modified_gmt":"2025-12-08T22:07:38","slug":"biofit-hildegard-galgantwurzel-trank-500-ml","status":"publish","type":"product","link":"https:\/\/www.ernstbrunn-apotheke.at\/katalog\/produkt\/biofit-hildegard-galgantwurzel-trank-500-ml\/","title":{"rendered":"Biofit Hildegard Galgantwurzel Trank  500 ml"},"content":{"rendered":"<p>Biofit Hildegard Galgantwurzel Trank lindert Beschwerden im Muskel- oder St\u00fctzapparat. Vor allem R\u00fccken- und Seitenschmerzen k\u00f6nnen ideal mit diesem Trank behandelt werden. R\u00fcckenschmerzen sind eine der Hauptursachen f\u00fcr Berufsunf\u00e4higkeit und Arbeitsausfall.<\/p>\n","protected":false},"excerpt":{"rendered":"<p>Biofit Hildegard Galgantwurzel Trank lindert Beschwerden im Muskel- oder St\u00fctzapparat. Vor allem R\u00fccken- und Seitenschmerzen k\u00f6nnen ideal mit diesem Trank behandelt werden. R\u00fcckenschmerzen sind eine der Hauptursachen f\u00fcr Berufsunf\u00e4higkeit und Arbeitsausfall.<\/p>\n","protected":false},"featured_media":118209,"template":"","meta":{"_acf_changed":false},"product_brand":[1455],"product_cat":[802],"product_tag":[],"class_list":{"0":"post-118207","1":"product","2":"type-product","3":"status-publish","4":"has-post-thumbnail","6":"product_brand-biofit","7":"product_cat-b","8":"pa_packungsgroesse-500ml","10":"first","11":"instock","12":"shipping-taxable","13":"purchasable","14":"product-type-simple"},"acf":[],"_links":{"self":[{"href":"https:\/\/www.ernstbrunn-apotheke.at\/katalog\/wp-json\/wp\/v2\/product\/118207","targetHints":{"allow":["GET"]}}],"collection":[{"href":"https:\/\/www.ernstbrunn-apotheke.at\/katalog\/wp-json\/wp\/v2\/product"}],"about":[{"href":"https:\/\/www.ernstbrunn-apotheke.at\/katalog\/wp-json\/wp\/v2\/types\/product"}],"wp:featuredmedia":[{"embeddable":true,"href":"https:\/\/www.ernstbrunn-apotheke.at\/katalog\/wp-json\/wp\/v2\/media\/118209"}],"wp:attachment":[{"href":"https:\/\/www.ernstbrunn-apotheke.at\/katalog\/wp-json\/wp\/v2\/media?parent=118207"}],"wp:term":[{"taxonomy":"product_brand","embeddable":true,"href":"https:\/\/www.ernstbrunn-apotheke.at\/katalog\/wp-json\/wp\/v2\/product_brand?post=118207"},{"taxonomy":"product_cat","embeddable":true,"href":"https:\/\/www.ernstbrunn-apotheke.at\/katalog\/wp-json\/wp\/v2\/product_cat?post=118207"},{"taxonomy":"product_tag","embeddable":true,"href":"https:\/\/www.ernstbrunn-apotheke.at\/katalog\/wp-json\/wp\/v2\/product_tag?post=118207"}],"curies":[{"name":"wp","href":"https:\/\/api.w.org\/{rel}","templated":true}]}}