{"id":118203,"date":"2025-11-13T08:26:59","date_gmt":"2025-11-13T07:26:59","guid":{"rendered":"https:\/\/www.ernstbrunn-apotheke.at\/katalog\/produkt\/biofit-hildegard-flohsamen-schwarz-200-g\/"},"modified":"2025-12-08T23:07:37","modified_gmt":"2025-12-08T22:07:37","slug":"biofit-hildegard-flohsamen-schwarz-200-g","status":"publish","type":"product","link":"https:\/\/www.ernstbrunn-apotheke.at\/katalog\/produkt\/biofit-hildegard-flohsamen-schwarz-200-g\/","title":{"rendered":"Biofit Hildegard Flohsamen Schwarz 200 g"},"content":{"rendered":"<p>Biofit Hildegard Flohsamen Schwarz enth\u00e4lt Schleimstoffe die im Magen- und Darm- Trakt aufquellen, wodurch eine mild abf\u00fchrende Wirkung erreicht wird. Die schwarzen Flohsamen haben ein etwas h\u00f6heres Quellverm\u00f6gen als die gelben Flohsamen. Aus kontrolliert biologischem Anbau.<\/p>\n","protected":false},"excerpt":{"rendered":"<p>Biofit Hildegard Flohsamen Schwarz enth\u00e4lt Schleimstoffe die im Magen- und Darm- Trakt aufquellen, wodurch eine mild abf\u00fchrende Wirkung erreicht wird. Die schwarzen Flohsamen haben ein etwas h\u00f6heres Quellverm\u00f6gen als die gelben Flohsamen. Aus kontrolliert biologischem Anbau.<\/p>\n","protected":false},"featured_media":118205,"template":"","meta":{"_acf_changed":false},"product_brand":[1455],"product_cat":[802],"product_tag":[],"class_list":{"0":"post-118203","1":"product","2":"type-product","3":"status-publish","4":"has-post-thumbnail","6":"product_brand-biofit","7":"product_cat-b","8":"pa_packungsgroesse-200g","10":"first","11":"instock","12":"shipping-taxable","13":"purchasable","14":"product-type-simple"},"acf":[],"_links":{"self":[{"href":"https:\/\/www.ernstbrunn-apotheke.at\/katalog\/wp-json\/wp\/v2\/product\/118203","targetHints":{"allow":["GET"]}}],"collection":[{"href":"https:\/\/www.ernstbrunn-apotheke.at\/katalog\/wp-json\/wp\/v2\/product"}],"about":[{"href":"https:\/\/www.ernstbrunn-apotheke.at\/katalog\/wp-json\/wp\/v2\/types\/product"}],"wp:featuredmedia":[{"embeddable":true,"href":"https:\/\/www.ernstbrunn-apotheke.at\/katalog\/wp-json\/wp\/v2\/media\/118205"}],"wp:attachment":[{"href":"https:\/\/www.ernstbrunn-apotheke.at\/katalog\/wp-json\/wp\/v2\/media?parent=118203"}],"wp:term":[{"taxonomy":"product_brand","embeddable":true,"href":"https:\/\/www.ernstbrunn-apotheke.at\/katalog\/wp-json\/wp\/v2\/product_brand?post=118203"},{"taxonomy":"product_cat","embeddable":true,"href":"https:\/\/www.ernstbrunn-apotheke.at\/katalog\/wp-json\/wp\/v2\/product_cat?post=118203"},{"taxonomy":"product_tag","embeddable":true,"href":"https:\/\/www.ernstbrunn-apotheke.at\/katalog\/wp-json\/wp\/v2\/product_tag?post=118203"}],"curies":[{"name":"wp","href":"https:\/\/api.w.org\/{rel}","templated":true}]}}