{"id":118199,"date":"2025-11-13T08:26:22","date_gmt":"2025-11-13T07:26:22","guid":{"rendered":"https:\/\/www.ernstbrunn-apotheke.at\/katalog\/produkt\/biofit-hildegard-flohsamen-gelb-ganzkorn-aus-biologischem-anbau-200-g\/"},"modified":"2025-12-08T23:07:35","modified_gmt":"2025-12-08T22:07:35","slug":"biofit-hildegard-flohsamen-gelb-ganzkorn-aus-biologischem-anbau-200-g","status":"publish","type":"product","link":"https:\/\/www.ernstbrunn-apotheke.at\/katalog\/produkt\/biofit-hildegard-flohsamen-gelb-ganzkorn-aus-biologischem-anbau-200-g\/","title":{"rendered":"Biofit Hildegard Flohsamen Gelb &#8211; Ganzkorn aus biologischem Anbau 200 g"},"content":{"rendered":"<p>Biofit Hildegard Flohsamen Gelb &#8211; Ganzkorn reinigt und sch\u00fctzt die Magen- und Darmflora auf sehr einfache, jedoch gr\u00fcndliche Art und Weise. Flohsamen wird bereits seit Jahrhunderten als pflanzliches Heilmittel zur Regulierung der Darmt\u00e4tigkeit verwendet.<\/p>\n","protected":false},"excerpt":{"rendered":"<p>Biofit Hildegard Flohsamen Gelb &#8211; Ganzkorn reinigt und sch\u00fctzt die Magen- und Darmflora auf sehr einfache, jedoch gr\u00fcndliche Art und Weise. Flohsamen wird bereits seit Jahrhunderten als pflanzliches Heilmittel zur Regulierung der Darmt\u00e4tigkeit verwendet.<\/p>\n","protected":false},"featured_media":118201,"template":"","meta":{"_acf_changed":false},"product_brand":[1455],"product_cat":[802],"product_tag":[],"class_list":{"0":"post-118199","1":"product","2":"type-product","3":"status-publish","4":"has-post-thumbnail","6":"product_brand-biofit","7":"product_cat-b","8":"pa_packungsgroesse-200g","10":"first","11":"instock","12":"shipping-taxable","13":"purchasable","14":"product-type-simple"},"acf":[],"_links":{"self":[{"href":"https:\/\/www.ernstbrunn-apotheke.at\/katalog\/wp-json\/wp\/v2\/product\/118199","targetHints":{"allow":["GET"]}}],"collection":[{"href":"https:\/\/www.ernstbrunn-apotheke.at\/katalog\/wp-json\/wp\/v2\/product"}],"about":[{"href":"https:\/\/www.ernstbrunn-apotheke.at\/katalog\/wp-json\/wp\/v2\/types\/product"}],"wp:featuredmedia":[{"embeddable":true,"href":"https:\/\/www.ernstbrunn-apotheke.at\/katalog\/wp-json\/wp\/v2\/media\/118201"}],"wp:attachment":[{"href":"https:\/\/www.ernstbrunn-apotheke.at\/katalog\/wp-json\/wp\/v2\/media?parent=118199"}],"wp:term":[{"taxonomy":"product_brand","embeddable":true,"href":"https:\/\/www.ernstbrunn-apotheke.at\/katalog\/wp-json\/wp\/v2\/product_brand?post=118199"},{"taxonomy":"product_cat","embeddable":true,"href":"https:\/\/www.ernstbrunn-apotheke.at\/katalog\/wp-json\/wp\/v2\/product_cat?post=118199"},{"taxonomy":"product_tag","embeddable":true,"href":"https:\/\/www.ernstbrunn-apotheke.at\/katalog\/wp-json\/wp\/v2\/product_tag?post=118199"}],"curies":[{"name":"wp","href":"https:\/\/api.w.org\/{rel}","templated":true}]}}