{"id":118186,"date":"2025-11-13T08:26:22","date_gmt":"2025-11-13T07:26:22","guid":{"rendered":"https:\/\/www.ernstbrunn-apotheke.at\/katalog\/produkt\/biofit-hildegard-fastensuppe-230-g\/"},"modified":"2025-12-08T23:07:32","modified_gmt":"2025-12-08T22:07:32","slug":"biofit-hildegard-fastensuppe-230-g","status":"publish","type":"product","link":"https:\/\/www.ernstbrunn-apotheke.at\/katalog\/produkt\/biofit-hildegard-fastensuppe-230-g\/","title":{"rendered":"Biofit Hildegard Fastensuppe 230 g"},"content":{"rendered":"<p>Biofit Hildegard Fastensuppe dient als wertvolle Erg\u00e4nzung beim Heilfasten. Heilfasten ist jedoch etwas v\u00f6llig anderes als Hungern. Beim richtig durchgef\u00fchrten Heilfasten entsteht n\u00e4mlich kein Hungergef\u00fchl. Die Fastensuppe nach Hildegard gibt ein gutes S\u00e4ttigungsgef\u00fchl und f\u00fchrt zu einem kr\u00e4ftigen Energie-Schwung.<\/p>\n","protected":false},"excerpt":{"rendered":"<p>Biofit Hildegard Fastensuppe dient als wertvolle Erg\u00e4nzung beim Heilfasten. Heilfasten ist jedoch etwas v\u00f6llig anderes als Hungern. Beim richtig durchgef\u00fchrten Heilfasten entsteht n\u00e4mlich kein Hungergef\u00fchl. Die Fastensuppe nach Hildegard gibt ein gutes S\u00e4ttigungsgef\u00fchl und f\u00fchrt zu einem kr\u00e4ftigen Energie-Schwung.<\/p>\n","protected":false},"featured_media":118188,"template":"","meta":{"_acf_changed":false},"product_brand":[1455],"product_cat":[802],"product_tag":[],"class_list":{"0":"post-118186","1":"product","2":"type-product","3":"status-publish","4":"has-post-thumbnail","6":"product_brand-biofit","7":"product_cat-b","8":"pa_packungsgroesse-230g","10":"first","11":"instock","12":"shipping-taxable","13":"purchasable","14":"product-type-simple"},"acf":[],"_links":{"self":[{"href":"https:\/\/www.ernstbrunn-apotheke.at\/katalog\/wp-json\/wp\/v2\/product\/118186","targetHints":{"allow":["GET"]}}],"collection":[{"href":"https:\/\/www.ernstbrunn-apotheke.at\/katalog\/wp-json\/wp\/v2\/product"}],"about":[{"href":"https:\/\/www.ernstbrunn-apotheke.at\/katalog\/wp-json\/wp\/v2\/types\/product"}],"wp:featuredmedia":[{"embeddable":true,"href":"https:\/\/www.ernstbrunn-apotheke.at\/katalog\/wp-json\/wp\/v2\/media\/118188"}],"wp:attachment":[{"href":"https:\/\/www.ernstbrunn-apotheke.at\/katalog\/wp-json\/wp\/v2\/media?parent=118186"}],"wp:term":[{"taxonomy":"product_brand","embeddable":true,"href":"https:\/\/www.ernstbrunn-apotheke.at\/katalog\/wp-json\/wp\/v2\/product_brand?post=118186"},{"taxonomy":"product_cat","embeddable":true,"href":"https:\/\/www.ernstbrunn-apotheke.at\/katalog\/wp-json\/wp\/v2\/product_cat?post=118186"},{"taxonomy":"product_tag","embeddable":true,"href":"https:\/\/www.ernstbrunn-apotheke.at\/katalog\/wp-json\/wp\/v2\/product_tag?post=118186"}],"curies":[{"name":"wp","href":"https:\/\/api.w.org\/{rel}","templated":true}]}}