{"id":118182,"date":"2025-11-13T08:26:22","date_gmt":"2025-11-13T07:26:22","guid":{"rendered":"https:\/\/www.ernstbrunn-apotheke.at\/katalog\/produkt\/biofit-hildegard-diptam-gemahlen-100-g\/"},"modified":"2025-12-08T23:07:31","modified_gmt":"2025-12-08T22:07:31","slug":"biofit-hildegard-diptam-gemahlen-100-g","status":"publish","type":"product","link":"https:\/\/www.ernstbrunn-apotheke.at\/katalog\/produkt\/biofit-hildegard-diptam-gemahlen-100-g\/","title":{"rendered":"Biofit Hildegard Diptam gemahlen 100 g"},"content":{"rendered":"<p>Biofit Hildegard Diptam gemahlen ist einfach im Gebrauch f\u00fcr eine h\u00e4usliche Anwendung. Der nat\u00fcrliche Entkalker wirkt Folgeerkrankungen einer Arteriosklerose entgegen. Arteriosklerose entwickelt sich \u00fcber Jahrzehnte schmerzlos und kann zum pl\u00f6tzlichen Herztod, Herzinfarkt oder Schlaganfall f\u00fchren.<\/p>\n","protected":false},"excerpt":{"rendered":"<p>Biofit Hildegard Diptam gemahlen ist einfach im Gebrauch f\u00fcr eine h\u00e4usliche Anwendung. Der nat\u00fcrliche Entkalker wirkt Folgeerkrankungen einer Arteriosklerose entgegen. Arteriosklerose entwickelt sich \u00fcber Jahrzehnte schmerzlos und kann zum pl\u00f6tzlichen Herztod, Herzinfarkt oder Schlaganfall f\u00fchren.<\/p>\n","protected":false},"featured_media":118184,"template":"","meta":{"_acf_changed":false},"product_brand":[1455],"product_cat":[802],"product_tag":[],"class_list":{"0":"post-118182","1":"product","2":"type-product","3":"status-publish","4":"has-post-thumbnail","6":"product_brand-biofit","7":"product_cat-b","8":"pa_packungsgroesse-100g","10":"first","11":"instock","12":"shipping-taxable","13":"purchasable","14":"product-type-simple"},"acf":[],"_links":{"self":[{"href":"https:\/\/www.ernstbrunn-apotheke.at\/katalog\/wp-json\/wp\/v2\/product\/118182","targetHints":{"allow":["GET"]}}],"collection":[{"href":"https:\/\/www.ernstbrunn-apotheke.at\/katalog\/wp-json\/wp\/v2\/product"}],"about":[{"href":"https:\/\/www.ernstbrunn-apotheke.at\/katalog\/wp-json\/wp\/v2\/types\/product"}],"wp:featuredmedia":[{"embeddable":true,"href":"https:\/\/www.ernstbrunn-apotheke.at\/katalog\/wp-json\/wp\/v2\/media\/118184"}],"wp:attachment":[{"href":"https:\/\/www.ernstbrunn-apotheke.at\/katalog\/wp-json\/wp\/v2\/media?parent=118182"}],"wp:term":[{"taxonomy":"product_brand","embeddable":true,"href":"https:\/\/www.ernstbrunn-apotheke.at\/katalog\/wp-json\/wp\/v2\/product_brand?post=118182"},{"taxonomy":"product_cat","embeddable":true,"href":"https:\/\/www.ernstbrunn-apotheke.at\/katalog\/wp-json\/wp\/v2\/product_cat?post=118182"},{"taxonomy":"product_tag","embeddable":true,"href":"https:\/\/www.ernstbrunn-apotheke.at\/katalog\/wp-json\/wp\/v2\/product_tag?post=118182"}],"curies":[{"name":"wp","href":"https:\/\/api.w.org\/{rel}","templated":true}]}}