{"id":118165,"date":"2025-11-13T08:25:16","date_gmt":"2025-11-13T07:25:16","guid":{"rendered":"https:\/\/www.ernstbrunn-apotheke.at\/katalog\/produkt\/biofit-hildegard-dinkel-kaffee-gemahlen-250-g\/"},"modified":"2025-12-08T23:07:27","modified_gmt":"2025-12-08T22:07:27","slug":"biofit-hildegard-dinkel-kaffee-gemahlen-250-g","status":"publish","type":"product","link":"https:\/\/www.ernstbrunn-apotheke.at\/katalog\/produkt\/biofit-hildegard-dinkel-kaffee-gemahlen-250-g\/","title":{"rendered":"Biofit Hildegard Dinkel Kaffee gemahlen 250 g"},"content":{"rendered":"<p>Biofit Hildegard Dinkel Kaffee gemahlen k\u00f6nnen Sie so oft Sie wollen genie\u00dfen, da keine magenreizende Chlorogens\u00e4ure enthalten ist. Dinkel-Instant-Kaffee ist die Gaumenfreude f\u00fcr zwischendurch. Pro Tasse einfach 1-2 Kaffeel\u00f6ffel Dinkelkaffee mit hei\u00dfem Wasser aufgie\u00dfen, umr\u00fchren und fertig ist der Kaffeegenuss.<\/p>\n","protected":false},"excerpt":{"rendered":"<p>Biofit Hildegard Dinkel Kaffee gemahlen k\u00f6nnen Sie so oft Sie wollen genie\u00dfen, da keine magenreizende Chlorogens\u00e4ure enthalten ist. Dinkel-Instant-Kaffee ist die Gaumenfreude f\u00fcr zwischendurch. Pro Tasse einfach 1-2 Kaffeel\u00f6ffel Dinkelkaffee mit hei\u00dfem Wasser aufgie\u00dfen, umr\u00fchren und fertig ist der Kaffeegenuss.<\/p>\n","protected":false},"featured_media":118167,"template":"","meta":{"_acf_changed":false},"product_brand":[1455],"product_cat":[802],"product_tag":[],"class_list":{"0":"post-118165","1":"product","2":"type-product","3":"status-publish","4":"has-post-thumbnail","6":"product_brand-biofit","7":"product_cat-b","8":"pa_packungsgroesse-250g","10":"first","11":"instock","12":"shipping-taxable","13":"purchasable","14":"product-type-simple"},"acf":[],"_links":{"self":[{"href":"https:\/\/www.ernstbrunn-apotheke.at\/katalog\/wp-json\/wp\/v2\/product\/118165","targetHints":{"allow":["GET"]}}],"collection":[{"href":"https:\/\/www.ernstbrunn-apotheke.at\/katalog\/wp-json\/wp\/v2\/product"}],"about":[{"href":"https:\/\/www.ernstbrunn-apotheke.at\/katalog\/wp-json\/wp\/v2\/types\/product"}],"wp:featuredmedia":[{"embeddable":true,"href":"https:\/\/www.ernstbrunn-apotheke.at\/katalog\/wp-json\/wp\/v2\/media\/118167"}],"wp:attachment":[{"href":"https:\/\/www.ernstbrunn-apotheke.at\/katalog\/wp-json\/wp\/v2\/media?parent=118165"}],"wp:term":[{"taxonomy":"product_brand","embeddable":true,"href":"https:\/\/www.ernstbrunn-apotheke.at\/katalog\/wp-json\/wp\/v2\/product_brand?post=118165"},{"taxonomy":"product_cat","embeddable":true,"href":"https:\/\/www.ernstbrunn-apotheke.at\/katalog\/wp-json\/wp\/v2\/product_cat?post=118165"},{"taxonomy":"product_tag","embeddable":true,"href":"https:\/\/www.ernstbrunn-apotheke.at\/katalog\/wp-json\/wp\/v2\/product_tag?post=118165"}],"curies":[{"name":"wp","href":"https:\/\/api.w.org\/{rel}","templated":true}]}}