{"id":118128,"date":"2025-11-13T08:24:39","date_gmt":"2025-11-13T07:24:39","guid":{"rendered":"https:\/\/www.ernstbrunn-apotheke.at\/katalog\/produkt\/biofit-hildegard-bertram-gemahlen-100-g\/"},"modified":"2025-12-08T23:07:20","modified_gmt":"2025-12-08T22:07:20","slug":"biofit-hildegard-bertram-gemahlen-100-g","status":"publish","type":"product","link":"https:\/\/www.ernstbrunn-apotheke.at\/katalog\/produkt\/biofit-hildegard-bertram-gemahlen-100-g\/","title":{"rendered":"Biofit Hildegard Bertram gemahlen 100 g"},"content":{"rendered":"<p>Biofit Hildegard Bertram gemahlen st\u00e4rkt das Wohlbefinden. Die r\u00f6mische Bertramwurzel ist seit Jahrhunderten ein unverzichtbares und wertvolles K\u00fcchengew\u00fcrz. Vielen Menschen fehlt heute oftmals die Zeit, um selber zu kochen. Um dem K\u00f6rper dennoch Bertram zuf\u00fchren zu k\u00f6nnen, empfehlen wir zu diesem Mittel.<\/p>\n","protected":false},"excerpt":{"rendered":"<p>Biofit Hildegard Bertram gemahlen st\u00e4rkt das Wohlbefinden. Die r\u00f6mische Bertramwurzel ist seit Jahrhunderten ein unverzichtbares und wertvolles K\u00fcchengew\u00fcrz. Vielen Menschen fehlt heute oftmals die Zeit, um selber zu kochen. Um dem K\u00f6rper dennoch Bertram zuf\u00fchren zu k\u00f6nnen, empfehlen wir zu diesem Mittel.<\/p>\n","protected":false},"featured_media":118130,"template":"","meta":{"_acf_changed":false},"product_brand":[1455],"product_cat":[802],"product_tag":[],"class_list":{"0":"post-118128","1":"product","2":"type-product","3":"status-publish","4":"has-post-thumbnail","6":"product_brand-biofit","7":"product_cat-b","8":"pa_packungsgroesse-100g","10":"first","11":"instock","12":"shipping-taxable","13":"purchasable","14":"product-type-simple"},"acf":[],"_links":{"self":[{"href":"https:\/\/www.ernstbrunn-apotheke.at\/katalog\/wp-json\/wp\/v2\/product\/118128","targetHints":{"allow":["GET"]}}],"collection":[{"href":"https:\/\/www.ernstbrunn-apotheke.at\/katalog\/wp-json\/wp\/v2\/product"}],"about":[{"href":"https:\/\/www.ernstbrunn-apotheke.at\/katalog\/wp-json\/wp\/v2\/types\/product"}],"wp:featuredmedia":[{"embeddable":true,"href":"https:\/\/www.ernstbrunn-apotheke.at\/katalog\/wp-json\/wp\/v2\/media\/118130"}],"wp:attachment":[{"href":"https:\/\/www.ernstbrunn-apotheke.at\/katalog\/wp-json\/wp\/v2\/media?parent=118128"}],"wp:term":[{"taxonomy":"product_brand","embeddable":true,"href":"https:\/\/www.ernstbrunn-apotheke.at\/katalog\/wp-json\/wp\/v2\/product_brand?post=118128"},{"taxonomy":"product_cat","embeddable":true,"href":"https:\/\/www.ernstbrunn-apotheke.at\/katalog\/wp-json\/wp\/v2\/product_cat?post=118128"},{"taxonomy":"product_tag","embeddable":true,"href":"https:\/\/www.ernstbrunn-apotheke.at\/katalog\/wp-json\/wp\/v2\/product_tag?post=118128"}],"curies":[{"name":"wp","href":"https:\/\/api.w.org\/{rel}","templated":true}]}}