{"id":118064,"date":"2025-11-13T08:23:16","date_gmt":"2025-11-13T07:23:16","guid":{"rendered":"https:\/\/www.ernstbrunn-apotheke.at\/katalog\/produkt\/bergland-aetherisches-oel-orange-suess-100-ml\/"},"modified":"2025-12-08T23:06:52","modified_gmt":"2025-12-08T22:06:52","slug":"bergland-aetherisches-oel-orange-suess-100-ml","status":"publish","type":"product","link":"https:\/\/www.ernstbrunn-apotheke.at\/katalog\/produkt\/bergland-aetherisches-oel-orange-suess-100-ml\/","title":{"rendered":"Bergland \u00c4therisches \u00d6l Orange s\u00fc\u00df 100 ml"},"content":{"rendered":"<p>Nicht zur Einnahme bestimmt!<\/p>\n","protected":false},"excerpt":{"rendered":"<p>Nicht zur Einnahme bestimmt!<\/p>\n","protected":false},"featured_media":0,"template":"","meta":{"_acf_changed":false},"product_brand":[1320],"product_cat":[802],"product_tag":[],"class_list":{"0":"post-118064","1":"product","2":"type-product","3":"status-publish","5":"product_brand-bergland","6":"product_cat-b","7":"pa_packungsgroesse-100ml","9":"first","10":"instock","11":"shipping-taxable","12":"purchasable","13":"product-type-simple"},"acf":[],"_links":{"self":[{"href":"https:\/\/www.ernstbrunn-apotheke.at\/katalog\/wp-json\/wp\/v2\/product\/118064","targetHints":{"allow":["GET"]}}],"collection":[{"href":"https:\/\/www.ernstbrunn-apotheke.at\/katalog\/wp-json\/wp\/v2\/product"}],"about":[{"href":"https:\/\/www.ernstbrunn-apotheke.at\/katalog\/wp-json\/wp\/v2\/types\/product"}],"wp:attachment":[{"href":"https:\/\/www.ernstbrunn-apotheke.at\/katalog\/wp-json\/wp\/v2\/media?parent=118064"}],"wp:term":[{"taxonomy":"product_brand","embeddable":true,"href":"https:\/\/www.ernstbrunn-apotheke.at\/katalog\/wp-json\/wp\/v2\/product_brand?post=118064"},{"taxonomy":"product_cat","embeddable":true,"href":"https:\/\/www.ernstbrunn-apotheke.at\/katalog\/wp-json\/wp\/v2\/product_cat?post=118064"},{"taxonomy":"product_tag","embeddable":true,"href":"https:\/\/www.ernstbrunn-apotheke.at\/katalog\/wp-json\/wp\/v2\/product_tag?post=118064"}],"curies":[{"name":"wp","href":"https:\/\/api.w.org\/{rel}","templated":true}]}}