{"id":118061,"date":"2025-11-13T08:23:16","date_gmt":"2025-11-13T07:23:16","guid":{"rendered":"https:\/\/www.ernstbrunn-apotheke.at\/katalog\/produkt\/bergland-aetherisches-oel-orange-suess-10-ml\/"},"modified":"2025-12-08T23:06:50","modified_gmt":"2025-12-08T22:06:50","slug":"bergland-aetherisches-oel-orange-suess-10-ml","status":"publish","type":"product","link":"https:\/\/www.ernstbrunn-apotheke.at\/katalog\/produkt\/bergland-aetherisches-oel-orange-suess-10-ml\/","title":{"rendered":"Bergland \u00c4therisches \u00d6l Orange s\u00fc\u00df 10 ml"},"content":{"rendered":"<p>Nicht zur Einnahme bestimmt!<\/p>\n","protected":false},"excerpt":{"rendered":"<p>Nicht zur Einnahme bestimmt!<\/p>\n","protected":false},"featured_media":118063,"template":"","meta":{"_acf_changed":false},"product_brand":[1320],"product_cat":[802],"product_tag":[],"class_list":{"0":"post-118061","1":"product","2":"type-product","3":"status-publish","4":"has-post-thumbnail","6":"product_brand-bergland","7":"product_cat-b","8":"pa_packungsgroesse-10ml","10":"first","11":"instock","12":"shipping-taxable","13":"purchasable","14":"product-type-simple"},"acf":[],"_links":{"self":[{"href":"https:\/\/www.ernstbrunn-apotheke.at\/katalog\/wp-json\/wp\/v2\/product\/118061","targetHints":{"allow":["GET"]}}],"collection":[{"href":"https:\/\/www.ernstbrunn-apotheke.at\/katalog\/wp-json\/wp\/v2\/product"}],"about":[{"href":"https:\/\/www.ernstbrunn-apotheke.at\/katalog\/wp-json\/wp\/v2\/types\/product"}],"wp:featuredmedia":[{"embeddable":true,"href":"https:\/\/www.ernstbrunn-apotheke.at\/katalog\/wp-json\/wp\/v2\/media\/118063"}],"wp:attachment":[{"href":"https:\/\/www.ernstbrunn-apotheke.at\/katalog\/wp-json\/wp\/v2\/media?parent=118061"}],"wp:term":[{"taxonomy":"product_brand","embeddable":true,"href":"https:\/\/www.ernstbrunn-apotheke.at\/katalog\/wp-json\/wp\/v2\/product_brand?post=118061"},{"taxonomy":"product_cat","embeddable":true,"href":"https:\/\/www.ernstbrunn-apotheke.at\/katalog\/wp-json\/wp\/v2\/product_cat?post=118061"},{"taxonomy":"product_tag","embeddable":true,"href":"https:\/\/www.ernstbrunn-apotheke.at\/katalog\/wp-json\/wp\/v2\/product_tag?post=118061"}],"curies":[{"name":"wp","href":"https:\/\/api.w.org\/{rel}","templated":true}]}}