{"id":117937,"date":"2025-11-13T08:20:06","date_gmt":"2025-11-13T07:20:06","guid":{"rendered":"https:\/\/www.ernstbrunn-apotheke.at\/katalog\/produkt\/bausch-lomb-renu-multi-purpuse-360-ml\/"},"modified":"2025-12-08T23:05:59","modified_gmt":"2025-12-08T22:05:59","slug":"bausch-lomb-renu-multi-purpuse-360-ml","status":"publish","type":"product","link":"https:\/\/www.ernstbrunn-apotheke.at\/katalog\/produkt\/bausch-lomb-renu-multi-purpuse-360-ml\/","title":{"rendered":"Bausch &#038; Lomb ReNu Multi-Purpuse 360 ml"},"content":{"rendered":"<p>Bausch &#038; Lomb ReNu Multi-Purpuse ist eine Pflegel\u00f6sung f\u00fcr Kontaktlinsen, welche die Linsenreinigung zum Kinderspiel werden l\u00e4sst. Die Kombil\u00f6sung mit integriertem Proteinentferner ist ideal zum Aufbewahren, Reinigen, Desinfizieren sowie zum Absp\u00fclen aller weichen Kontaktlinsen.<\/p>\n","protected":false},"excerpt":{"rendered":"<p>Bausch &#038; Lomb ReNu Multi-Purpuse ist eine Pflegel\u00f6sung f\u00fcr Kontaktlinsen, welche die Linsenreinigung zum Kinderspiel werden l\u00e4sst. Die Kombil\u00f6sung mit integriertem Proteinentferner ist ideal zum Aufbewahren, Reinigen, Desinfizieren sowie zum Absp\u00fclen aller weichen Kontaktlinsen.<\/p>\n","protected":false},"featured_media":117939,"template":"","meta":{"_acf_changed":false},"product_brand":[],"product_cat":[802],"product_tag":[],"class_list":{"0":"post-117937","1":"product","2":"type-product","3":"status-publish","4":"has-post-thumbnail","6":"product_cat-b","7":"pa_packungsgroesse-360ml","9":"first","10":"instock","11":"shipping-taxable","12":"purchasable","13":"product-type-simple"},"acf":[],"_links":{"self":[{"href":"https:\/\/www.ernstbrunn-apotheke.at\/katalog\/wp-json\/wp\/v2\/product\/117937","targetHints":{"allow":["GET"]}}],"collection":[{"href":"https:\/\/www.ernstbrunn-apotheke.at\/katalog\/wp-json\/wp\/v2\/product"}],"about":[{"href":"https:\/\/www.ernstbrunn-apotheke.at\/katalog\/wp-json\/wp\/v2\/types\/product"}],"wp:featuredmedia":[{"embeddable":true,"href":"https:\/\/www.ernstbrunn-apotheke.at\/katalog\/wp-json\/wp\/v2\/media\/117939"}],"wp:attachment":[{"href":"https:\/\/www.ernstbrunn-apotheke.at\/katalog\/wp-json\/wp\/v2\/media?parent=117937"}],"wp:term":[{"taxonomy":"product_brand","embeddable":true,"href":"https:\/\/www.ernstbrunn-apotheke.at\/katalog\/wp-json\/wp\/v2\/product_brand?post=117937"},{"taxonomy":"product_cat","embeddable":true,"href":"https:\/\/www.ernstbrunn-apotheke.at\/katalog\/wp-json\/wp\/v2\/product_cat?post=117937"},{"taxonomy":"product_tag","embeddable":true,"href":"https:\/\/www.ernstbrunn-apotheke.at\/katalog\/wp-json\/wp\/v2\/product_tag?post=117937"}],"curies":[{"name":"wp","href":"https:\/\/api.w.org\/{rel}","templated":true}]}}