{"id":117915,"date":"2025-11-13T08:19:23","date_gmt":"2025-11-13T07:19:23","guid":{"rendered":"https:\/\/www.ernstbrunn-apotheke.at\/katalog\/produkt\/bausch-lomb-boston-ad-reinigung-30-ml\/"},"modified":"2025-12-08T23:05:55","modified_gmt":"2025-12-08T22:05:55","slug":"bausch-lomb-boston-ad-reinigung-30-ml","status":"publish","type":"product","link":"https:\/\/www.ernstbrunn-apotheke.at\/katalog\/produkt\/bausch-lomb-boston-ad-reinigung-30-ml\/","title":{"rendered":"Bausch &#038; Lomb Boston AD Reinigung 30 ml"},"content":{"rendered":"<p>Bausch &#038; Lomb Boston AD Reinigung ist eine Aufbewahrungsl\u00f6sung, welche zur Reinigung und Desinfektion von Kontaktlinsen dient. Sie entfernt Tr\u00e4nenfilmablagerungen und hartn\u00e4ckige Oberfl\u00e4chenablagerungen. Zum Aufbewahren und Desinfizieren formstabiler, sauerstoffdurchl\u00e4ssiger Kontaktlinsen die mitgelieferte Aufbewahrungsl\u00f6sung verwenden.<\/p>\n","protected":false},"excerpt":{"rendered":"<p>Bausch &#038; Lomb Boston AD Reinigung ist eine Aufbewahrungsl\u00f6sung, welche zur Reinigung und Desinfektion von Kontaktlinsen dient. Sie entfernt Tr\u00e4nenfilmablagerungen und hartn\u00e4ckige Oberfl\u00e4chenablagerungen. Zum Aufbewahren und Desinfizieren formstabiler, sauerstoffdurchl\u00e4ssiger Kontaktlinsen die mitgelieferte Aufbewahrungsl\u00f6sung verwenden.<\/p>\n","protected":false},"featured_media":0,"template":"","meta":{"_acf_changed":false},"product_brand":[],"product_cat":[802],"product_tag":[],"class_list":{"0":"post-117915","1":"product","2":"type-product","3":"status-publish","5":"product_cat-b","6":"pa_packungsgroesse-30ml","8":"first","9":"instock","10":"shipping-taxable","11":"purchasable","12":"product-type-simple"},"acf":[],"_links":{"self":[{"href":"https:\/\/www.ernstbrunn-apotheke.at\/katalog\/wp-json\/wp\/v2\/product\/117915","targetHints":{"allow":["GET"]}}],"collection":[{"href":"https:\/\/www.ernstbrunn-apotheke.at\/katalog\/wp-json\/wp\/v2\/product"}],"about":[{"href":"https:\/\/www.ernstbrunn-apotheke.at\/katalog\/wp-json\/wp\/v2\/types\/product"}],"wp:attachment":[{"href":"https:\/\/www.ernstbrunn-apotheke.at\/katalog\/wp-json\/wp\/v2\/media?parent=117915"}],"wp:term":[{"taxonomy":"product_brand","embeddable":true,"href":"https:\/\/www.ernstbrunn-apotheke.at\/katalog\/wp-json\/wp\/v2\/product_brand?post=117915"},{"taxonomy":"product_cat","embeddable":true,"href":"https:\/\/www.ernstbrunn-apotheke.at\/katalog\/wp-json\/wp\/v2\/product_cat?post=117915"},{"taxonomy":"product_tag","embeddable":true,"href":"https:\/\/www.ernstbrunn-apotheke.at\/katalog\/wp-json\/wp\/v2\/product_tag?post=117915"}],"curies":[{"name":"wp","href":"https:\/\/api.w.org\/{rel}","templated":true}]}}