{"id":117871,"date":"2025-11-13T08:19:09","date_gmt":"2025-11-13T07:19:09","guid":{"rendered":"https:\/\/www.ernstbrunn-apotheke.at\/katalog\/produkt\/bambu-instant-kaffee-100-g\/"},"modified":"2025-12-08T23:05:34","modified_gmt":"2025-12-08T22:05:34","slug":"bambu-instant-kaffee-100-g","status":"publish","type":"product","link":"https:\/\/www.ernstbrunn-apotheke.at\/katalog\/produkt\/bambu-instant-kaffee-100-g\/","title":{"rendered":"Bambu Instant Kaffee 100 g"},"content":{"rendered":"<p>Bambu Instant Kaffee ist ein aromatischer und volll\u00f6slicher Fr\u00fcchte- und Getreidekaffee-Extrakt aus biologischem Anbau. Bambu enth\u00e4lt keine Kaffeebohnen und somit kein Koffein, er kann deshalb auch am Abend genossen werden, ohne den Schlaf zu beeintr\u00e4chtigen. Bambu ist der ideale Kaffee-Ersatz f\u00fcr nervlich \u00fcberbeanspruchte Menschen oder Personen mit Magenproblemen oder Bluthochdruck. Auch f\u00fcr Kinder bestens geeignet.<\/p>\n","protected":false},"excerpt":{"rendered":"<p>Bambu Instant Kaffee ist ein aromatischer und volll\u00f6slicher Fr\u00fcchte- und Getreidekaffee-Extrakt aus biologischem Anbau. Bambu enth\u00e4lt keine Kaffeebohnen und somit kein Koffein, er kann deshalb auch am Abend genossen werden, ohne den Schlaf zu beeintr\u00e4chtigen. Bambu ist der ideale Kaffee-Ersatz f\u00fcr nervlich \u00fcberbeanspruchte Menschen oder Personen mit Magenproblemen oder Bluthochdruck. Auch f\u00fcr Kinder bestens geeignet.<\/p>\n","protected":false},"featured_media":0,"template":"","meta":{"_acf_changed":false},"product_brand":[],"product_cat":[802],"product_tag":[],"class_list":{"0":"post-117871","1":"product","2":"type-product","3":"status-publish","5":"product_cat-b","6":"pa_packungsgroesse-100g","8":"first","9":"instock","10":"shipping-taxable","11":"purchasable","12":"product-type-simple"},"acf":[],"_links":{"self":[{"href":"https:\/\/www.ernstbrunn-apotheke.at\/katalog\/wp-json\/wp\/v2\/product\/117871","targetHints":{"allow":["GET"]}}],"collection":[{"href":"https:\/\/www.ernstbrunn-apotheke.at\/katalog\/wp-json\/wp\/v2\/product"}],"about":[{"href":"https:\/\/www.ernstbrunn-apotheke.at\/katalog\/wp-json\/wp\/v2\/types\/product"}],"wp:attachment":[{"href":"https:\/\/www.ernstbrunn-apotheke.at\/katalog\/wp-json\/wp\/v2\/media?parent=117871"}],"wp:term":[{"taxonomy":"product_brand","embeddable":true,"href":"https:\/\/www.ernstbrunn-apotheke.at\/katalog\/wp-json\/wp\/v2\/product_brand?post=117871"},{"taxonomy":"product_cat","embeddable":true,"href":"https:\/\/www.ernstbrunn-apotheke.at\/katalog\/wp-json\/wp\/v2\/product_cat?post=117871"},{"taxonomy":"product_tag","embeddable":true,"href":"https:\/\/www.ernstbrunn-apotheke.at\/katalog\/wp-json\/wp\/v2\/product_tag?post=117871"}],"curies":[{"name":"wp","href":"https:\/\/api.w.org\/{rel}","templated":true}]}}