{"id":117811,"date":"2025-11-13T08:17:26","date_gmt":"2025-11-13T07:17:26","guid":{"rendered":"https:\/\/www.ernstbrunn-apotheke.at\/katalog\/produkt\/bad-ischler-krilloel-36-200-ml-saunaoel\/"},"modified":"2025-12-08T23:05:12","modified_gmt":"2025-12-08T22:05:12","slug":"bad-ischler-krilloel-36-200-ml-saunaoel","status":"publish","type":"product","link":"https:\/\/www.ernstbrunn-apotheke.at\/katalog\/produkt\/bad-ischler-krilloel-36-200-ml-saunaoel\/","title":{"rendered":"Bad Ischler Krill\u00f6l 36 200 ml Sauna\u00f6l"},"content":{"rendered":"<p>Bad Ischler Krill\u00f6l 36 erfrischt und belebt. Das altbew\u00e4hrte Hausmittel hilft bei M\u00fcdigkeit, Ersch\u00f6pfung und nach k\u00f6rperlicher Anstrengung. Es wirkt angenehm anregend sowie erfrischungs- und durchblutungsf\u00f6rdernd. Das Hautpflege- und Massage\u00f6l dient zur t\u00e4glichen Anwendung und kann ideal als Sauna-Aufguss\u00f6l und als Zusatz f\u00fcr Sprudelb\u00e4der angewendet werden.<\/p>\n","protected":false},"excerpt":{"rendered":"<p>Bad Ischler Krill\u00f6l 36 erfrischt und belebt. Das altbew\u00e4hrte Hausmittel hilft bei M\u00fcdigkeit, Ersch\u00f6pfung und nach k\u00f6rperlicher Anstrengung. Es wirkt angenehm anregend sowie erfrischungs- und durchblutungsf\u00f6rdernd. Das Hautpflege- und Massage\u00f6l dient zur t\u00e4glichen Anwendung und kann ideal als Sauna-Aufguss\u00f6l und als Zusatz f\u00fcr Sprudelb\u00e4der angewendet werden.<\/p>\n","protected":false},"featured_media":0,"template":"","meta":{"_acf_changed":false},"product_brand":[],"product_cat":[802],"product_tag":[],"class_list":{"0":"post-117811","1":"product","2":"type-product","3":"status-publish","5":"product_cat-b","6":"pa_packungsgroesse-200ml","8":"first","9":"instock","10":"shipping-taxable","11":"purchasable","12":"product-type-simple"},"acf":[],"_links":{"self":[{"href":"https:\/\/www.ernstbrunn-apotheke.at\/katalog\/wp-json\/wp\/v2\/product\/117811","targetHints":{"allow":["GET"]}}],"collection":[{"href":"https:\/\/www.ernstbrunn-apotheke.at\/katalog\/wp-json\/wp\/v2\/product"}],"about":[{"href":"https:\/\/www.ernstbrunn-apotheke.at\/katalog\/wp-json\/wp\/v2\/types\/product"}],"wp:attachment":[{"href":"https:\/\/www.ernstbrunn-apotheke.at\/katalog\/wp-json\/wp\/v2\/media?parent=117811"}],"wp:term":[{"taxonomy":"product_brand","embeddable":true,"href":"https:\/\/www.ernstbrunn-apotheke.at\/katalog\/wp-json\/wp\/v2\/product_brand?post=117811"},{"taxonomy":"product_cat","embeddable":true,"href":"https:\/\/www.ernstbrunn-apotheke.at\/katalog\/wp-json\/wp\/v2\/product_cat?post=117811"},{"taxonomy":"product_tag","embeddable":true,"href":"https:\/\/www.ernstbrunn-apotheke.at\/katalog\/wp-json\/wp\/v2\/product_tag?post=117811"}],"curies":[{"name":"wp","href":"https:\/\/api.w.org\/{rel}","templated":true}]}}