{"id":117749,"date":"2025-11-13T08:16:14","date_gmt":"2025-11-13T07:16:14","guid":{"rendered":"https:\/\/www.ernstbrunn-apotheke.at\/katalog\/produkt\/bachblueten-spag-10-ml-nr-11-elm\/"},"modified":"2025-12-08T23:04:37","modified_gmt":"2025-12-08T22:04:37","slug":"bachblueten-spag-10-ml-nr-11-elm","status":"publish","type":"product","link":"https:\/\/www.ernstbrunn-apotheke.at\/katalog\/produkt\/bachblueten-spag-10-ml-nr-11-elm\/","title":{"rendered":"Bachbl\u00fcten Spag. 10 ml Nr. 11 Elm"},"content":{"rendered":"<p>Bachbl\u00fcten Spagyra haben den Vorteil, dass sie keinen Alkohol enthalten und daher f\u00fcr alle Altersgruppen geeignet sind. Durch die Verwendung reiner Saccharose Globuli sind Milchzuckerunvertr\u00e4glichkeiten ausgeschlossen. Dieses Produkt erhalten Sie in den Varianten Nr. 39 Rescue und Nr. 11 Elm.<\/p>\n","protected":false},"excerpt":{"rendered":"<p>Bachbl\u00fcten Spagyra haben den Vorteil, dass sie keinen Alkohol enthalten und daher f\u00fcr alle Altersgruppen geeignet sind. Durch die Verwendung reiner Saccharose Globuli sind Milchzuckerunvertr\u00e4glichkeiten ausgeschlossen. Dieses Produkt erhalten Sie in den Varianten Nr. 39 Rescue und Nr. 11 Elm.<\/p>\n","protected":false},"featured_media":0,"template":"","meta":{"_acf_changed":false},"product_brand":[],"product_cat":[802],"product_tag":[],"class_list":{"0":"post-117749","1":"product","2":"type-product","3":"status-publish","5":"product_cat-b","6":"pa_packungsgroesse-10g","8":"first","9":"instock","10":"shipping-taxable","11":"purchasable","12":"product-type-simple"},"acf":[],"_links":{"self":[{"href":"https:\/\/www.ernstbrunn-apotheke.at\/katalog\/wp-json\/wp\/v2\/product\/117749","targetHints":{"allow":["GET"]}}],"collection":[{"href":"https:\/\/www.ernstbrunn-apotheke.at\/katalog\/wp-json\/wp\/v2\/product"}],"about":[{"href":"https:\/\/www.ernstbrunn-apotheke.at\/katalog\/wp-json\/wp\/v2\/types\/product"}],"wp:attachment":[{"href":"https:\/\/www.ernstbrunn-apotheke.at\/katalog\/wp-json\/wp\/v2\/media?parent=117749"}],"wp:term":[{"taxonomy":"product_brand","embeddable":true,"href":"https:\/\/www.ernstbrunn-apotheke.at\/katalog\/wp-json\/wp\/v2\/product_brand?post=117749"},{"taxonomy":"product_cat","embeddable":true,"href":"https:\/\/www.ernstbrunn-apotheke.at\/katalog\/wp-json\/wp\/v2\/product_cat?post=117749"},{"taxonomy":"product_tag","embeddable":true,"href":"https:\/\/www.ernstbrunn-apotheke.at\/katalog\/wp-json\/wp\/v2\/product_tag?post=117749"}],"curies":[{"name":"wp","href":"https:\/\/api.w.org\/{rel}","templated":true}]}}