{"id":11764,"date":"2025-11-07T14:37:56","date_gmt":"2025-11-07T13:37:56","guid":{"rendered":"https:\/\/www.ernstbrunn-apotheke.at\/katalog\/produkt\/oekopharm-konzentration-kapseln\/"},"modified":"2025-12-08T13:31:55","modified_gmt":"2025-12-08T12:31:55","slug":"oekopharm-konzentration-kapseln","status":"publish","type":"product","link":"https:\/\/www.ernstbrunn-apotheke.at\/katalog\/produkt\/oekopharm-konzentration-kapseln\/","title":{"rendered":"\u00d6kopharm Konzentration Kapseln"},"content":{"rendered":"<p>\u00d6KOPHARM Wirkkombinations Pr\u00e4parat f\u00fcr die Unterst\u00fctzung der Konzentration beim Lernen ist ideal f\u00fcr Kinder und junge Erwachsene. Es hilft, die Konzentrationsf\u00e4higkeit zu steigern und die allgemeine Leistungsf\u00e4higkeit zu verbessern. Mit speziell ausgew\u00e4hlten Inhaltsstoffen f\u00f6rdert es die geistige Leistungsf\u00e4higkeit und sorgt daf\u00fcr, dass du beim Lernen fokussiert und aufmerksam bleibst.<\/p>\n<p>&#13;<\/p>\n<ul>&#13;<\/p>\n<li>\u00a0Die Konzentration Kapseln von \u00d6KOPHARM kombinieren Zink und Eisen zur Unterst\u00fctzung der kognitiven Leistung und geistigen Leistungsf\u00e4higkeit.<\/li>\n<p>&#13;<\/p>\n<li>\u00a0B-Vitamine und Fols\u00e4ure tragen zur Verringerung von M\u00fcdigkeit bei und f\u00f6rdern den normalen Energiestoffwechsel.<\/li>\n<p>&#13;<\/p>\n<li>Vitamin B-Komplex aus Quinoa-Keimlingen unterst\u00fctzt eine normale Nervenfunktion und psychische Stabilit\u00e4t.<\/li>\n<p>&#13;\n<\/ul>\n","protected":false},"excerpt":{"rendered":"<p>\u00d6KOPHARM Wirkkombinations Pr\u00e4parat f\u00fcr die Unterst\u00fctzung der Konzentration beim Lernen ist ideal f\u00fcr Kinder und junge Erwachsene. Es hilft, die Konzentrationsf\u00e4higkeit zu steigern und die allgemeine Leistungsf\u00e4higkeit zu verbessern. Mit speziell ausgew\u00e4hlten Inhaltsstoffen f\u00f6rdert es die geistige Leistungsf\u00e4higkeit und sorgt daf\u00fcr, dass du beim Lernen fokussiert und aufmerksam bleibst. &#13; &#13; \u00a0Die Konzentration Kapseln von [&hellip;]<\/p>\n","protected":false},"featured_media":11766,"template":"","meta":{"_acf_changed":false},"product_brand":[357],"product_cat":[1168],"product_tag":[],"class_list":{"0":"post-11764","1":"product","2":"type-product","3":"status-publish","4":"has-post-thumbnail","6":"product_brand-oekopharm","7":"product_cat-oe","8":"pa_packungsgroesse-90-stueck","10":"first","11":"instock","12":"shipping-taxable","13":"purchasable","14":"product-type-simple"},"acf":[],"_links":{"self":[{"href":"https:\/\/www.ernstbrunn-apotheke.at\/katalog\/wp-json\/wp\/v2\/product\/11764","targetHints":{"allow":["GET"]}}],"collection":[{"href":"https:\/\/www.ernstbrunn-apotheke.at\/katalog\/wp-json\/wp\/v2\/product"}],"about":[{"href":"https:\/\/www.ernstbrunn-apotheke.at\/katalog\/wp-json\/wp\/v2\/types\/product"}],"wp:featuredmedia":[{"embeddable":true,"href":"https:\/\/www.ernstbrunn-apotheke.at\/katalog\/wp-json\/wp\/v2\/media\/11766"}],"wp:attachment":[{"href":"https:\/\/www.ernstbrunn-apotheke.at\/katalog\/wp-json\/wp\/v2\/media?parent=11764"}],"wp:term":[{"taxonomy":"product_brand","embeddable":true,"href":"https:\/\/www.ernstbrunn-apotheke.at\/katalog\/wp-json\/wp\/v2\/product_brand?post=11764"},{"taxonomy":"product_cat","embeddable":true,"href":"https:\/\/www.ernstbrunn-apotheke.at\/katalog\/wp-json\/wp\/v2\/product_cat?post=11764"},{"taxonomy":"product_tag","embeddable":true,"href":"https:\/\/www.ernstbrunn-apotheke.at\/katalog\/wp-json\/wp\/v2\/product_tag?post=11764"}],"curies":[{"name":"wp","href":"https:\/\/api.w.org\/{rel}","templated":true}]}}