{"id":117578,"date":"2025-11-13T08:13:18","date_gmt":"2025-11-13T07:13:18","guid":{"rendered":"https:\/\/www.ernstbrunn-apotheke.at\/katalog\/produkt\/autan-tropical-pumpspray-100-ml\/"},"modified":"2025-12-08T23:02:55","modified_gmt":"2025-12-08T22:02:55","slug":"autan-tropical-pumpspray-100-ml","status":"publish","type":"product","link":"https:\/\/www.ernstbrunn-apotheke.at\/katalog\/produkt\/autan-tropical-pumpspray-100-ml\/","title":{"rendered":"Autan Tropical Pumpspray 100 ml"},"content":{"rendered":"<p>Autan Tropical Pumpspray bietet langanhaltenden Schutz vor heimischen und tropischen M\u00fccken. So sch\u00fctzt er bis zu 8 Stunden vor heimischen und tropischen M\u00fccken und bis zu 6 Stunden vor Tigerm\u00fccken. Zudem bietet er auch Schutz vor der Malaria- und Gelbfieberm\u00fccke. Er ist ebenso f\u00fcr den t\u00e4glichen Gebrauch im Freien als auch f\u00fcr Tropen und Fernreisen geeignet.<\/p>\n","protected":false},"excerpt":{"rendered":"<p>Autan Tropical Pumpspray bietet langanhaltenden Schutz vor heimischen und tropischen M\u00fccken. So sch\u00fctzt er bis zu 8 Stunden vor heimischen und tropischen M\u00fccken und bis zu 6 Stunden vor Tigerm\u00fccken. Zudem bietet er auch Schutz vor der Malaria- und Gelbfieberm\u00fccke. Er ist ebenso f\u00fcr den t\u00e4glichen Gebrauch im Freien als auch f\u00fcr Tropen und Fernreisen [&hellip;]<\/p>\n","protected":false},"featured_media":0,"template":"","meta":{"_acf_changed":false},"product_brand":[],"product_cat":[801],"product_tag":[],"class_list":{"0":"post-117578","1":"product","2":"type-product","3":"status-publish","5":"product_cat-a","6":"pa_packungsgroesse-100ml","8":"first","9":"instock","10":"shipping-taxable","11":"purchasable","12":"product-type-simple"},"acf":[],"_links":{"self":[{"href":"https:\/\/www.ernstbrunn-apotheke.at\/katalog\/wp-json\/wp\/v2\/product\/117578","targetHints":{"allow":["GET"]}}],"collection":[{"href":"https:\/\/www.ernstbrunn-apotheke.at\/katalog\/wp-json\/wp\/v2\/product"}],"about":[{"href":"https:\/\/www.ernstbrunn-apotheke.at\/katalog\/wp-json\/wp\/v2\/types\/product"}],"wp:attachment":[{"href":"https:\/\/www.ernstbrunn-apotheke.at\/katalog\/wp-json\/wp\/v2\/media?parent=117578"}],"wp:term":[{"taxonomy":"product_brand","embeddable":true,"href":"https:\/\/www.ernstbrunn-apotheke.at\/katalog\/wp-json\/wp\/v2\/product_brand?post=117578"},{"taxonomy":"product_cat","embeddable":true,"href":"https:\/\/www.ernstbrunn-apotheke.at\/katalog\/wp-json\/wp\/v2\/product_cat?post=117578"},{"taxonomy":"product_tag","embeddable":true,"href":"https:\/\/www.ernstbrunn-apotheke.at\/katalog\/wp-json\/wp\/v2\/product_tag?post=117578"}],"curies":[{"name":"wp","href":"https:\/\/api.w.org\/{rel}","templated":true}]}}