{"id":117574,"date":"2025-11-13T08:13:11","date_gmt":"2025-11-13T07:13:11","guid":{"rendered":"https:\/\/www.ernstbrunn-apotheke.at\/katalog\/produkt\/autan-family-care-pumpspray-100-ml\/"},"modified":"2025-12-08T23:02:52","modified_gmt":"2025-12-08T22:02:52","slug":"autan-family-care-pumpspray-100-ml","status":"publish","type":"product","link":"https:\/\/www.ernstbrunn-apotheke.at\/katalog\/produkt\/autan-family-care-pumpspray-100-ml\/","title":{"rendered":"Autan Family Care Pumpspray 100 ml"},"content":{"rendered":"<p>Autan Family Care Pumpspray 100 ml bietet bis zu 4 Stunden pflegenden Schutz vor M\u00fccken. Die Rezeptur ist dermatologisch getestet, enth\u00e4lt feuchtigkeitsspendende Substanzen sowie Aloe Vera und ist f\u00fcr Kinder ab 2 Jahren geeignet<\/p>\n","protected":false},"excerpt":{"rendered":"<p>Autan Family Care Pumpspray 100 ml bietet bis zu 4 Stunden pflegenden Schutz vor M\u00fccken. Die Rezeptur ist dermatologisch getestet, enth\u00e4lt feuchtigkeitsspendende Substanzen sowie Aloe Vera und ist f\u00fcr Kinder ab 2 Jahren geeignet<\/p>\n","protected":false},"featured_media":0,"template":"","meta":{"_acf_changed":false},"product_brand":[],"product_cat":[801],"product_tag":[],"class_list":{"0":"post-117574","1":"product","2":"type-product","3":"status-publish","5":"product_cat-a","6":"pa_packungsgroesse-100ml","8":"first","9":"instock","10":"shipping-taxable","11":"purchasable","12":"product-type-simple"},"acf":[],"_links":{"self":[{"href":"https:\/\/www.ernstbrunn-apotheke.at\/katalog\/wp-json\/wp\/v2\/product\/117574","targetHints":{"allow":["GET"]}}],"collection":[{"href":"https:\/\/www.ernstbrunn-apotheke.at\/katalog\/wp-json\/wp\/v2\/product"}],"about":[{"href":"https:\/\/www.ernstbrunn-apotheke.at\/katalog\/wp-json\/wp\/v2\/types\/product"}],"wp:attachment":[{"href":"https:\/\/www.ernstbrunn-apotheke.at\/katalog\/wp-json\/wp\/v2\/media?parent=117574"}],"wp:term":[{"taxonomy":"product_brand","embeddable":true,"href":"https:\/\/www.ernstbrunn-apotheke.at\/katalog\/wp-json\/wp\/v2\/product_brand?post=117574"},{"taxonomy":"product_cat","embeddable":true,"href":"https:\/\/www.ernstbrunn-apotheke.at\/katalog\/wp-json\/wp\/v2\/product_cat?post=117574"},{"taxonomy":"product_tag","embeddable":true,"href":"https:\/\/www.ernstbrunn-apotheke.at\/katalog\/wp-json\/wp\/v2\/product_tag?post=117574"}],"curies":[{"name":"wp","href":"https:\/\/api.w.org\/{rel}","templated":true}]}}