{"id":117564,"date":"2025-11-13T08:13:04","date_gmt":"2025-11-13T07:13:04","guid":{"rendered":"https:\/\/www.ernstbrunn-apotheke.at\/katalog\/produkt\/australische-buschbluetenessenz-turkey-15-ml\/"},"modified":"2025-12-08T23:02:45","modified_gmt":"2025-12-08T22:02:45","slug":"australische-buschbluetenessenz-turkey-15-ml","status":"publish","type":"product","link":"https:\/\/www.ernstbrunn-apotheke.at\/katalog\/produkt\/australische-buschbluetenessenz-turkey-15-ml\/","title":{"rendered":"Australische Buschbl\u00fctenessenz Turkey 15 ml"},"content":{"rendered":"<p>Australische Buschbl\u00fctenessenz Turkey ist sowohl f\u00fcr Anf\u00e4nger wie auch f\u00fcr den gereiften K\u00fcnstler geeignet, um sein Potential voll zu entfalten. Die Essenz wirkt unterst\u00fctzend zur Einstimmung auf das H\u00f6here Selbst und hilft bei Kreativit\u00e4tsblockaden und Entmutigung. Sie weckt die Lust sich neu auszudr\u00fccken und der pers\u00f6nlichen Entfaltung freien Lauf zu lassen.<\/p>\n","protected":false},"excerpt":{"rendered":"<p>Australische Buschbl\u00fctenessenz Turkey ist sowohl f\u00fcr Anf\u00e4nger wie auch f\u00fcr den gereiften K\u00fcnstler geeignet, um sein Potential voll zu entfalten. Die Essenz wirkt unterst\u00fctzend zur Einstimmung auf das H\u00f6here Selbst und hilft bei Kreativit\u00e4tsblockaden und Entmutigung. Sie weckt die Lust sich neu auszudr\u00fccken und der pers\u00f6nlichen Entfaltung freien Lauf zu lassen.<\/p>\n","protected":false},"featured_media":0,"template":"","meta":{"_acf_changed":false},"product_brand":[],"product_cat":[801],"product_tag":[],"class_list":{"0":"post-117564","1":"product","2":"type-product","3":"status-publish","5":"product_cat-a","6":"pa_packungsgroesse-15ml","8":"first","9":"instock","10":"shipping-taxable","11":"purchasable","12":"product-type-simple"},"acf":[],"_links":{"self":[{"href":"https:\/\/www.ernstbrunn-apotheke.at\/katalog\/wp-json\/wp\/v2\/product\/117564","targetHints":{"allow":["GET"]}}],"collection":[{"href":"https:\/\/www.ernstbrunn-apotheke.at\/katalog\/wp-json\/wp\/v2\/product"}],"about":[{"href":"https:\/\/www.ernstbrunn-apotheke.at\/katalog\/wp-json\/wp\/v2\/types\/product"}],"wp:attachment":[{"href":"https:\/\/www.ernstbrunn-apotheke.at\/katalog\/wp-json\/wp\/v2\/media?parent=117564"}],"wp:term":[{"taxonomy":"product_brand","embeddable":true,"href":"https:\/\/www.ernstbrunn-apotheke.at\/katalog\/wp-json\/wp\/v2\/product_brand?post=117564"},{"taxonomy":"product_cat","embeddable":true,"href":"https:\/\/www.ernstbrunn-apotheke.at\/katalog\/wp-json\/wp\/v2\/product_cat?post=117564"},{"taxonomy":"product_tag","embeddable":true,"href":"https:\/\/www.ernstbrunn-apotheke.at\/katalog\/wp-json\/wp\/v2\/product_tag?post=117564"}],"curies":[{"name":"wp","href":"https:\/\/api.w.org\/{rel}","templated":true}]}}