{"id":117562,"date":"2025-11-13T08:13:04","date_gmt":"2025-11-13T07:13:04","guid":{"rendered":"https:\/\/www.ernstbrunn-apotheke.at\/katalog\/produkt\/australische-buschbluetenessenz-sundew-15-ml\/"},"modified":"2025-12-08T23:02:42","modified_gmt":"2025-12-08T22:02:42","slug":"australische-buschbluetenessenz-sundew-15-ml","status":"publish","type":"product","link":"https:\/\/www.ernstbrunn-apotheke.at\/katalog\/produkt\/australische-buschbluetenessenz-sundew-15-ml\/","title":{"rendered":"Australische Buschbl\u00fctenessenz Sundew 15 ml"},"content":{"rendered":"<p>Australische Buschbl\u00fctenessenz Sundew ist gut f\u00fcr Menschen, die unentschlossen und unklar sind, Feinheiten nicht beachten und die sich gern aus dem Staub machen. Die Essenz hilft, sich auf das Hier und Jetzt zu besinnen und vermindert das Z\u00f6gern und Zaudern.<\/p>\n","protected":false},"excerpt":{"rendered":"<p>Australische Buschbl\u00fctenessenz Sundew ist gut f\u00fcr Menschen, die unentschlossen und unklar sind, Feinheiten nicht beachten und die sich gern aus dem Staub machen. Die Essenz hilft, sich auf das Hier und Jetzt zu besinnen und vermindert das Z\u00f6gern und Zaudern.<\/p>\n","protected":false},"featured_media":0,"template":"","meta":{"_acf_changed":false},"product_brand":[],"product_cat":[801],"product_tag":[],"class_list":{"0":"post-117562","1":"product","2":"type-product","3":"status-publish","5":"product_cat-a","6":"pa_packungsgroesse-15ml","8":"first","9":"instock","10":"shipping-taxable","11":"purchasable","12":"product-type-simple"},"acf":[],"_links":{"self":[{"href":"https:\/\/www.ernstbrunn-apotheke.at\/katalog\/wp-json\/wp\/v2\/product\/117562","targetHints":{"allow":["GET"]}}],"collection":[{"href":"https:\/\/www.ernstbrunn-apotheke.at\/katalog\/wp-json\/wp\/v2\/product"}],"about":[{"href":"https:\/\/www.ernstbrunn-apotheke.at\/katalog\/wp-json\/wp\/v2\/types\/product"}],"wp:attachment":[{"href":"https:\/\/www.ernstbrunn-apotheke.at\/katalog\/wp-json\/wp\/v2\/media?parent=117562"}],"wp:term":[{"taxonomy":"product_brand","embeddable":true,"href":"https:\/\/www.ernstbrunn-apotheke.at\/katalog\/wp-json\/wp\/v2\/product_brand?post=117562"},{"taxonomy":"product_cat","embeddable":true,"href":"https:\/\/www.ernstbrunn-apotheke.at\/katalog\/wp-json\/wp\/v2\/product_cat?post=117562"},{"taxonomy":"product_tag","embeddable":true,"href":"https:\/\/www.ernstbrunn-apotheke.at\/katalog\/wp-json\/wp\/v2\/product_tag?post=117562"}],"curies":[{"name":"wp","href":"https:\/\/api.w.org\/{rel}","templated":true}]}}