{"id":117558,"date":"2025-11-13T08:13:04","date_gmt":"2025-11-13T07:13:04","guid":{"rendered":"https:\/\/www.ernstbrunn-apotheke.at\/katalog\/produkt\/australische-buschbluetenessenz-old-man-banksia-15-ml\/"},"modified":"2025-12-08T23:02:39","modified_gmt":"2025-12-08T22:02:39","slug":"australische-buschbluetenessenz-old-man-banksia-15-ml","status":"publish","type":"product","link":"https:\/\/www.ernstbrunn-apotheke.at\/katalog\/produkt\/australische-buschbluetenessenz-old-man-banksia-15-ml\/","title":{"rendered":"Australische Buschbl\u00fctenessenz Old Man Banksia 15 ml"},"content":{"rendered":"<p>Australische Buschbl\u00fctenessenz Old Man Banksia unterst\u00fctzt Menschen, die durch einen R\u00fcckschlag im Leben m\u00fcde, frustriert und mutlos sind. Dabei bringt die Essenz einen neuen Funken in das Leben der tr\u00e4ge und schwerf\u00e4llig gewordenen Menschen. Diese sind meist zuverl\u00e4ssig und vertrauensw\u00fcrdig, arbeiten unerm\u00fcdlich weiter, verbergen oftmals ihre Sorgen, w\u00e4hrend sie mit unged\u00e4mpfter Kraft weiterk\u00e4mpfen.<\/p>\n","protected":false},"excerpt":{"rendered":"<p>Australische Buschbl\u00fctenessenz Old Man Banksia unterst\u00fctzt Menschen, die durch einen R\u00fcckschlag im Leben m\u00fcde, frustriert und mutlos sind. Dabei bringt die Essenz einen neuen Funken in das Leben der tr\u00e4ge und schwerf\u00e4llig gewordenen Menschen. Diese sind meist zuverl\u00e4ssig und vertrauensw\u00fcrdig, arbeiten unerm\u00fcdlich weiter, verbergen oftmals ihre Sorgen, w\u00e4hrend sie mit unged\u00e4mpfter Kraft weiterk\u00e4mpfen.<\/p>\n","protected":false},"featured_media":0,"template":"","meta":{"_acf_changed":false},"product_brand":[],"product_cat":[801],"product_tag":[],"class_list":{"0":"post-117558","1":"product","2":"type-product","3":"status-publish","5":"product_cat-a","6":"pa_packungsgroesse-15ml","8":"first","9":"instock","10":"shipping-taxable","11":"purchasable","12":"product-type-simple"},"acf":[],"_links":{"self":[{"href":"https:\/\/www.ernstbrunn-apotheke.at\/katalog\/wp-json\/wp\/v2\/product\/117558","targetHints":{"allow":["GET"]}}],"collection":[{"href":"https:\/\/www.ernstbrunn-apotheke.at\/katalog\/wp-json\/wp\/v2\/product"}],"about":[{"href":"https:\/\/www.ernstbrunn-apotheke.at\/katalog\/wp-json\/wp\/v2\/types\/product"}],"wp:attachment":[{"href":"https:\/\/www.ernstbrunn-apotheke.at\/katalog\/wp-json\/wp\/v2\/media?parent=117558"}],"wp:term":[{"taxonomy":"product_brand","embeddable":true,"href":"https:\/\/www.ernstbrunn-apotheke.at\/katalog\/wp-json\/wp\/v2\/product_brand?post=117558"},{"taxonomy":"product_cat","embeddable":true,"href":"https:\/\/www.ernstbrunn-apotheke.at\/katalog\/wp-json\/wp\/v2\/product_cat?post=117558"},{"taxonomy":"product_tag","embeddable":true,"href":"https:\/\/www.ernstbrunn-apotheke.at\/katalog\/wp-json\/wp\/v2\/product_tag?post=117558"}],"curies":[{"name":"wp","href":"https:\/\/api.w.org\/{rel}","templated":true}]}}