{"id":117552,"date":"2025-11-13T08:12:57","date_gmt":"2025-11-13T07:12:57","guid":{"rendered":"https:\/\/www.ernstbrunn-apotheke.at\/katalog\/produkt\/australische-buschbluetenessenz-flannel-flower-15-ml\/"},"modified":"2025-12-08T23:02:35","modified_gmt":"2025-12-08T22:02:35","slug":"australische-buschbluetenessenz-flannel-flower-15-ml","status":"publish","type":"product","link":"https:\/\/www.ernstbrunn-apotheke.at\/katalog\/produkt\/australische-buschbluetenessenz-flannel-flower-15-ml\/","title":{"rendered":"Australische Buschbl\u00fctenessenz Flannel Flower 15 ml"},"content":{"rendered":"<p>Australische Buschbl\u00fctenessenz Flannel Flower ist f\u00fcr Menschen, die physischen Kontakt und Ber\u00fchrungen als unangenehm empfinden und oft Schwierigkeiten haben, ihre pers\u00f6nlichen Grenzen aufrecht zu erhalten. Sie hilft, den innersten Gef\u00fchlen zu vertrauen und ihnen Ausdruck zu verleihen. Sowohl M\u00e4nnern als auch Frauen bringt diese Bl\u00fctenessenz Freude und Vergn\u00fcgen am k\u00f6rperlichen Kontakt.<\/p>\n","protected":false},"excerpt":{"rendered":"<p>Australische Buschbl\u00fctenessenz Flannel Flower ist f\u00fcr Menschen, die physischen Kontakt und Ber\u00fchrungen als unangenehm empfinden und oft Schwierigkeiten haben, ihre pers\u00f6nlichen Grenzen aufrecht zu erhalten. Sie hilft, den innersten Gef\u00fchlen zu vertrauen und ihnen Ausdruck zu verleihen. Sowohl M\u00e4nnern als auch Frauen bringt diese Bl\u00fctenessenz Freude und Vergn\u00fcgen am k\u00f6rperlichen Kontakt.<\/p>\n","protected":false},"featured_media":0,"template":"","meta":{"_acf_changed":false},"product_brand":[],"product_cat":[801],"product_tag":[],"class_list":{"0":"post-117552","1":"product","2":"type-product","3":"status-publish","5":"product_cat-a","6":"pa_packungsgroesse-15ml","8":"first","9":"instock","10":"shipping-taxable","11":"purchasable","12":"product-type-simple"},"acf":[],"_links":{"self":[{"href":"https:\/\/www.ernstbrunn-apotheke.at\/katalog\/wp-json\/wp\/v2\/product\/117552","targetHints":{"allow":["GET"]}}],"collection":[{"href":"https:\/\/www.ernstbrunn-apotheke.at\/katalog\/wp-json\/wp\/v2\/product"}],"about":[{"href":"https:\/\/www.ernstbrunn-apotheke.at\/katalog\/wp-json\/wp\/v2\/types\/product"}],"wp:attachment":[{"href":"https:\/\/www.ernstbrunn-apotheke.at\/katalog\/wp-json\/wp\/v2\/media?parent=117552"}],"wp:term":[{"taxonomy":"product_brand","embeddable":true,"href":"https:\/\/www.ernstbrunn-apotheke.at\/katalog\/wp-json\/wp\/v2\/product_brand?post=117552"},{"taxonomy":"product_cat","embeddable":true,"href":"https:\/\/www.ernstbrunn-apotheke.at\/katalog\/wp-json\/wp\/v2\/product_cat?post=117552"},{"taxonomy":"product_tag","embeddable":true,"href":"https:\/\/www.ernstbrunn-apotheke.at\/katalog\/wp-json\/wp\/v2\/product_tag?post=117552"}],"curies":[{"name":"wp","href":"https:\/\/api.w.org\/{rel}","templated":true}]}}