{"id":117550,"date":"2025-11-13T08:12:57","date_gmt":"2025-11-13T07:12:57","guid":{"rendered":"https:\/\/www.ernstbrunn-apotheke.at\/katalog\/produkt\/australische-buschbluetenessenz-dynamis-30-ml\/"},"modified":"2025-12-08T23:02:34","modified_gmt":"2025-12-08T22:02:34","slug":"australische-buschbluetenessenz-dynamis-30-ml","status":"publish","type":"product","link":"https:\/\/www.ernstbrunn-apotheke.at\/katalog\/produkt\/australische-buschbluetenessenz-dynamis-30-ml\/","title":{"rendered":"Australische Buschbl\u00fctenessenz Dynamis 30 ml"},"content":{"rendered":"<p>Australische Buschbl\u00fctenessenz Dynamis erneuert den Enthusiasmus und die Freude am Leben. Sie ist f\u00fcr diejenigen gedacht, welche sich nicht wirklich gut f\u00fchlen, ersch\u00f6pft und abgespannt sind. M\u00f6glicherweise dadurch, dass sich noch nicht richtig von einem R\u00fcckschlag erholt wurde.<\/p>\n","protected":false},"excerpt":{"rendered":"<p>Australische Buschbl\u00fctenessenz Dynamis erneuert den Enthusiasmus und die Freude am Leben. Sie ist f\u00fcr diejenigen gedacht, welche sich nicht wirklich gut f\u00fchlen, ersch\u00f6pft und abgespannt sind. M\u00f6glicherweise dadurch, dass sich noch nicht richtig von einem R\u00fcckschlag erholt wurde.<\/p>\n","protected":false},"featured_media":0,"template":"","meta":{"_acf_changed":false},"product_brand":[],"product_cat":[801],"product_tag":[],"class_list":{"0":"post-117550","1":"product","2":"type-product","3":"status-publish","5":"product_cat-a","6":"pa_packungsgroesse-30ml","8":"first","9":"instock","10":"shipping-taxable","11":"purchasable","12":"product-type-simple"},"acf":[],"_links":{"self":[{"href":"https:\/\/www.ernstbrunn-apotheke.at\/katalog\/wp-json\/wp\/v2\/product\/117550","targetHints":{"allow":["GET"]}}],"collection":[{"href":"https:\/\/www.ernstbrunn-apotheke.at\/katalog\/wp-json\/wp\/v2\/product"}],"about":[{"href":"https:\/\/www.ernstbrunn-apotheke.at\/katalog\/wp-json\/wp\/v2\/types\/product"}],"wp:attachment":[{"href":"https:\/\/www.ernstbrunn-apotheke.at\/katalog\/wp-json\/wp\/v2\/media?parent=117550"}],"wp:term":[{"taxonomy":"product_brand","embeddable":true,"href":"https:\/\/www.ernstbrunn-apotheke.at\/katalog\/wp-json\/wp\/v2\/product_brand?post=117550"},{"taxonomy":"product_cat","embeddable":true,"href":"https:\/\/www.ernstbrunn-apotheke.at\/katalog\/wp-json\/wp\/v2\/product_cat?post=117550"},{"taxonomy":"product_tag","embeddable":true,"href":"https:\/\/www.ernstbrunn-apotheke.at\/katalog\/wp-json\/wp\/v2\/product_tag?post=117550"}],"curies":[{"name":"wp","href":"https:\/\/api.w.org\/{rel}","templated":true}]}}