{"id":117424,"date":"2025-11-13T08:10:19","date_gmt":"2025-11-13T07:10:19","guid":{"rendered":"https:\/\/www.ernstbrunn-apotheke.at\/katalog\/produkt\/biobee-gelee-royale-kapseln-250-mg-100-stk\/"},"modified":"2025-12-08T23:01:11","modified_gmt":"2025-12-08T22:01:11","slug":"biobee-gelee-royale-kapseln-250-mg-100-stk","status":"publish","type":"product","link":"https:\/\/www.ernstbrunn-apotheke.at\/katalog\/produkt\/biobee-gelee-royale-kapseln-250-mg-100-stk\/","title":{"rendered":"Biobee Gel\u00e9e Royale Kapseln 250 mg 100 Stk."},"content":{"rendered":"<p>Bio Bee Gel\u00e9e Royale Kapseln bieten ein Intensiv-Vitalstoff-Konzentrat zur intensiven F\u00f6rderung von Vitalit\u00e4t und Lebenskraft. Die Kapsel-H\u00fclle aus Bio-Inulin, einem pflanzlichen Ballaststoff, f\u00f6rdert als Pr\u00e4biotikum zus\u00e4tzlich die Verdauung und Aufnahme der Vitalstoffe<\/p>\n","protected":false},"excerpt":{"rendered":"<p>Bio Bee Gel\u00e9e Royale Kapseln bieten ein Intensiv-Vitalstoff-Konzentrat zur intensiven F\u00f6rderung von Vitalit\u00e4t und Lebenskraft. Die Kapsel-H\u00fclle aus Bio-Inulin, einem pflanzlichen Ballaststoff, f\u00f6rdert als Pr\u00e4biotikum zus\u00e4tzlich die Verdauung und Aufnahme der Vitalstoffe<\/p>\n","protected":false},"featured_media":117426,"template":"","meta":{"_acf_changed":false},"product_brand":[],"product_cat":[802],"product_tag":[],"class_list":{"0":"post-117424","1":"product","2":"type-product","3":"status-publish","4":"has-post-thumbnail","6":"product_cat-b","7":"pa_packungsgroesse-100-stueck","9":"first","10":"instock","11":"shipping-taxable","12":"purchasable","13":"product-type-simple"},"acf":[],"_links":{"self":[{"href":"https:\/\/www.ernstbrunn-apotheke.at\/katalog\/wp-json\/wp\/v2\/product\/117424","targetHints":{"allow":["GET"]}}],"collection":[{"href":"https:\/\/www.ernstbrunn-apotheke.at\/katalog\/wp-json\/wp\/v2\/product"}],"about":[{"href":"https:\/\/www.ernstbrunn-apotheke.at\/katalog\/wp-json\/wp\/v2\/types\/product"}],"wp:featuredmedia":[{"embeddable":true,"href":"https:\/\/www.ernstbrunn-apotheke.at\/katalog\/wp-json\/wp\/v2\/media\/117426"}],"wp:attachment":[{"href":"https:\/\/www.ernstbrunn-apotheke.at\/katalog\/wp-json\/wp\/v2\/media?parent=117424"}],"wp:term":[{"taxonomy":"product_brand","embeddable":true,"href":"https:\/\/www.ernstbrunn-apotheke.at\/katalog\/wp-json\/wp\/v2\/product_brand?post=117424"},{"taxonomy":"product_cat","embeddable":true,"href":"https:\/\/www.ernstbrunn-apotheke.at\/katalog\/wp-json\/wp\/v2\/product_cat?post=117424"},{"taxonomy":"product_tag","embeddable":true,"href":"https:\/\/www.ernstbrunn-apotheke.at\/katalog\/wp-json\/wp\/v2\/product_tag?post=117424"}],"curies":[{"name":"wp","href":"https:\/\/api.w.org\/{rel}","templated":true}]}}