{"id":117414,"date":"2025-11-13T08:09:41","date_gmt":"2025-11-13T07:09:41","guid":{"rendered":"https:\/\/www.ernstbrunn-apotheke.at\/katalog\/produkt\/bilomed-augenreiniger-350-ml-plus-behaelter-4-stk\/"},"modified":"2025-12-08T23:01:09","modified_gmt":"2025-12-08T22:01:09","slug":"bilomed-augenreiniger-350-ml-plus-behaelter-4-stk","status":"publish","type":"product","link":"https:\/\/www.ernstbrunn-apotheke.at\/katalog\/produkt\/bilomed-augenreiniger-350-ml-plus-behaelter-4-stk\/","title":{"rendered":"Bilomed Augenreiniger 350 ml plus Beh\u00e4lter 4 Stk."},"content":{"rendered":"<p>Bilomed Augenreiniger plus Beh\u00e4lter ist eine Kombil\u00f6sung, welche sich zum Einsatz f\u00fcr alle hydrophilen Kontaktlinsen eignet. Die besonders milde Formel ist sanft zu den Augen und verhindert somit Irritationen jeglicher Art im und rund um das Auge. .<\/p>\n","protected":false},"excerpt":{"rendered":"<p>Bilomed Augenreiniger plus Beh\u00e4lter ist eine Kombil\u00f6sung, welche sich zum Einsatz f\u00fcr alle hydrophilen Kontaktlinsen eignet. Die besonders milde Formel ist sanft zu den Augen und verhindert somit Irritationen jeglicher Art im und rund um das Auge. .<\/p>\n","protected":false},"featured_media":117416,"template":"","meta":{"_acf_changed":false},"product_brand":[],"product_cat":[802],"product_tag":[],"class_list":{"0":"post-117414","1":"product","2":"type-product","3":"status-publish","4":"has-post-thumbnail","6":"product_cat-b","7":"pa_packungsgroesse-4-stueck","9":"first","10":"instock","11":"shipping-taxable","12":"purchasable","13":"product-type-simple"},"acf":[],"_links":{"self":[{"href":"https:\/\/www.ernstbrunn-apotheke.at\/katalog\/wp-json\/wp\/v2\/product\/117414","targetHints":{"allow":["GET"]}}],"collection":[{"href":"https:\/\/www.ernstbrunn-apotheke.at\/katalog\/wp-json\/wp\/v2\/product"}],"about":[{"href":"https:\/\/www.ernstbrunn-apotheke.at\/katalog\/wp-json\/wp\/v2\/types\/product"}],"wp:featuredmedia":[{"embeddable":true,"href":"https:\/\/www.ernstbrunn-apotheke.at\/katalog\/wp-json\/wp\/v2\/media\/117416"}],"wp:attachment":[{"href":"https:\/\/www.ernstbrunn-apotheke.at\/katalog\/wp-json\/wp\/v2\/media?parent=117414"}],"wp:term":[{"taxonomy":"product_brand","embeddable":true,"href":"https:\/\/www.ernstbrunn-apotheke.at\/katalog\/wp-json\/wp\/v2\/product_brand?post=117414"},{"taxonomy":"product_cat","embeddable":true,"href":"https:\/\/www.ernstbrunn-apotheke.at\/katalog\/wp-json\/wp\/v2\/product_cat?post=117414"},{"taxonomy":"product_tag","embeddable":true,"href":"https:\/\/www.ernstbrunn-apotheke.at\/katalog\/wp-json\/wp\/v2\/product_tag?post=117414"}],"curies":[{"name":"wp","href":"https:\/\/api.w.org\/{rel}","templated":true}]}}