{"id":117398,"date":"2025-11-13T08:09:23","date_gmt":"2025-11-13T07:09:23","guid":{"rendered":"https:\/\/www.ernstbrunn-apotheke.at\/katalog\/produkt\/betaisodona-vaginal-gel-50-g\/"},"modified":"2025-12-08T23:01:02","modified_gmt":"2025-12-08T22:01:02","slug":"betaisodona-vaginal-gel-50-g","status":"publish","type":"product","link":"https:\/\/www.ernstbrunn-apotheke.at\/katalog\/produkt\/betaisodona-vaginal-gel-50-g\/","title":{"rendered":"Betaisodona Vaginal &#8211; Gel 50 g"},"content":{"rendered":"<p>Betaisodona Vaginal-Gel ist ein Gel zum Einf\u00fchren in die Scheide (Vagina) mittels Applikator oder zum Auftragen auf den \u00e4u\u00dferen Scheidenbereich. Povidon-Iod wirkt umfassend keimt\u00f6tend. Es ist wirksam gegen Bakterien, Pilze, Sporen, Viren und Protozoen (Einzeller). Betaisodona Vaginal-Gel erm\u00f6glicht eine rasche Wiederherstellung des nat\u00fcrlichen Scheidenmilieus. Brennen und Juckreiz klingen rasch ab.<\/p>\n","protected":false},"excerpt":{"rendered":"<p>Betaisodona Vaginal-Gel ist ein Gel zum Einf\u00fchren in die Scheide (Vagina) mittels Applikator oder zum Auftragen auf den \u00e4u\u00dferen Scheidenbereich. Povidon-Iod wirkt umfassend keimt\u00f6tend. Es ist wirksam gegen Bakterien, Pilze, Sporen, Viren und Protozoen (Einzeller). Betaisodona Vaginal-Gel erm\u00f6glicht eine rasche Wiederherstellung des nat\u00fcrlichen Scheidenmilieus. Brennen und Juckreiz klingen rasch ab.<\/p>\n","protected":false},"featured_media":117400,"template":"","meta":{"_acf_changed":false},"product_brand":[],"product_cat":[802],"product_tag":[],"class_list":{"0":"post-117398","1":"product","2":"type-product","3":"status-publish","4":"has-post-thumbnail","6":"product_cat-b","7":"pa_packungsgroesse-50g","9":"first","10":"instock","11":"shipping-taxable","12":"purchasable","13":"product-type-simple"},"acf":[],"_links":{"self":[{"href":"https:\/\/www.ernstbrunn-apotheke.at\/katalog\/wp-json\/wp\/v2\/product\/117398","targetHints":{"allow":["GET"]}}],"collection":[{"href":"https:\/\/www.ernstbrunn-apotheke.at\/katalog\/wp-json\/wp\/v2\/product"}],"about":[{"href":"https:\/\/www.ernstbrunn-apotheke.at\/katalog\/wp-json\/wp\/v2\/types\/product"}],"wp:featuredmedia":[{"embeddable":true,"href":"https:\/\/www.ernstbrunn-apotheke.at\/katalog\/wp-json\/wp\/v2\/media\/117400"}],"wp:attachment":[{"href":"https:\/\/www.ernstbrunn-apotheke.at\/katalog\/wp-json\/wp\/v2\/media?parent=117398"}],"wp:term":[{"taxonomy":"product_brand","embeddable":true,"href":"https:\/\/www.ernstbrunn-apotheke.at\/katalog\/wp-json\/wp\/v2\/product_brand?post=117398"},{"taxonomy":"product_cat","embeddable":true,"href":"https:\/\/www.ernstbrunn-apotheke.at\/katalog\/wp-json\/wp\/v2\/product_cat?post=117398"},{"taxonomy":"product_tag","embeddable":true,"href":"https:\/\/www.ernstbrunn-apotheke.at\/katalog\/wp-json\/wp\/v2\/product_tag?post=117398"}],"curies":[{"name":"wp","href":"https:\/\/api.w.org\/{rel}","templated":true}]}}